{"id":745,"date":"2021-03-17T19:24:32","date_gmt":"2021-03-17T19:24:32","guid":{"rendered":"https:\/\/mastercom.es\/producto\/enchufe-inteligente-mide-el-consumo-16a-3680w-wi-fi-smart-plug-con-control-remoto-meross-app-compatible-con-alexa-google-assistant-y-smartthings-paquete-de-4-color-gris-mss310\/"},"modified":"2021-03-17T19:24:32","modified_gmt":"2021-03-17T19:24:32","slug":"enchufe-inteligente-mide-el-consumo-16a-3680w-wi-fi-smart-plug-con-control-remoto-meross-app-compatible-con-alexa-google-assistant-y-smartthings-paquete-de-4-color-gris-mss310","status":"publish","type":"product","link":"https:\/\/fullquality.es\/index.php\/product\/enchufe-inteligente-mide-el-consumo-16a-3680w-wi-fi-smart-plug-con-control-remoto-meross-app-compatible-con-alexa-google-assistant-y-smartthings-paquete-de-4-color-gris-mss310\/","title":{"rendered":"Enchufe Inteligente, Mide el Consumo 16A 3680W Wi-Fi Smart Plug con Control Remoto Meross App, Compatible con Alexa, Google Assistant y SmartThings, Paquete de 4. Color Gris. MSS310"},"content":{"rendered":"<p><br \/>\n\u2605Con Monitor de Energ\u00eda\u2605: Analizar el consumo de energ\u00eda hist\u00f3rico y en tiempo real del dispositivo conectado, esta caracter\u00edstica se puede ver directamente en la aplicaci\u00f3n &#8220;Meross&#8221;.<br \/>\n\u2605Control Remoto\u2605: Controla desde cualquier lugar los enchufes de tu casa u oficina mediante la aplicaci\u00f3n Meross, disponible para iOS y Android,( IOS 9 y superior, Android 4.1 y superior.) Compatible con Amazon Alexa, Google Assistant e IFTTT. Tambi\u00e9n muy adecuado para personas mayores o con movilidad reducida.<br \/>\n\u2605Largo rango de Conexi\u00f3n Wi-Fi\u2605: \u00bfLe molesta la alta tasa de desconexi\u00f3n de Wi-Fi? El chipset Mediatek IoT permite que nuestro meross enchufe inteligente pueda alcanzar un rango de conexi\u00f3n Wi-Fi m\u00e1s largo y una tasa de desconexi\u00f3n m\u00e1s baja que la mayor\u00eda de sus competidores. Funciona con cualquier enrutador Wi-Fi de 2.4GHz o doble banda. (\u2605NOTA: Al conectar este producto, seleccione 2,4 GHz\u2605.) No requiere hub.<br \/>\n\u2605Seguridad\u2605: Meross enchufe inteligente aprob\u00f3 la certificaci\u00f3n europea CE y RoHS (n\u00famero de certificaci\u00f3n:SZXEC1900724101). No permita que otros enchufes inteligentes de baja calidad pongan en peligro la seguridad de su familia. Meross Siempre le da mucha importancia a la seguridad del producto.<br \/>\n\u2605Servicio\u2605: No te tengas que preocupar por nada, con soporte t\u00e9cnico 24 horas al d\u00eda. Si tienes alg\u00fan problema o duda, ponte en contacto con nosotros, estamos aqu\u00ed para solucionarlas.<br \/>\n[amz_corss_sell asin=&#8221;B08NSQXXR8&#8243;]<\/p>\n","protected":false},"excerpt":{"rendered":"<p>\u2605Con Monitor de Energ\u00eda\u2605: Analizar el consumo de energ\u00eda hist\u00f3rico y en tiempo real del dispositivo conectado, esta caracter\u00edstica se puede ver directamente en la aplicaci\u00f3n &#8220;Meross&#8221;.<br \/>\n\u2605Control Remoto\u2605: Controla desde cualquier lugar los enchufes de tu casa u oficina mediante la aplicaci\u00f3n Meross, disponible para iOS y Android,( IOS 9 y superior, Android 4.1 y superior.) Compatible con Amazon Alexa, Google Assistant e IFTTT. Tambi\u00e9n muy adecuado para personas mayores o con movilidad reducida.<br \/>\n\u2605Largo rango de Conexi\u00f3n Wi-Fi\u2605: \u00bfLe molesta la alta tasa de desconexi\u00f3n de Wi-Fi? El chipset Mediatek IoT permite que nuestro meross enchufe inteligente pueda alcanzar un rango de conexi\u00f3n Wi-Fi m\u00e1s largo y una tasa de desconexi\u00f3n m\u00e1s baja que la mayor\u00eda de sus competidores. Funciona con cualquier enrutador Wi-Fi de 2.4GHz o doble banda. (\u2605NOTA: Al conectar este producto, seleccione 2,4 GHz\u2605.) No requiere hub.<\/p>\n","protected":false},"featured_media":746,"comment_status":"open","ping_status":"closed","template":"","meta":{"_et_pb_use_builder":"","_et_pb_old_content":"","_et_gb_content_width":""},"product_brand":[],"product_cat":[77,195,178,103],"product_tag":[],"class_list":{"0":"post-745","1":"product","2":"type-product","3":"status-publish","4":"has-post-thumbnail","6":"product_cat-bricolaje-y-herramientas","7":"product_cat-enchufes-inteligentes-y-a-control-remoto","8":"product_cat-enchufes-y-accesorios","9":"product_cat-instalacion-electrica","11":"first","12":"instock","13":"shipping-taxable","14":"product-type-external"},"_links":{"self":[{"href":"https:\/\/fullquality.es\/index.php\/wp-json\/wp\/v2\/product\/745","targetHints":{"allow":["GET"]}}],"collection":[{"href":"https:\/\/fullquality.es\/index.php\/wp-json\/wp\/v2\/product"}],"about":[{"href":"https:\/\/fullquality.es\/index.php\/wp-json\/wp\/v2\/types\/product"}],"replies":[{"embeddable":true,"href":"https:\/\/fullquality.es\/index.php\/wp-json\/wp\/v2\/comments?post=745"}],"wp:featuredmedia":[{"embeddable":true,"href":"https:\/\/fullquality.es\/index.php\/wp-json\/"}],"wp:attachment":[{"href":"https:\/\/fullquality.es\/index.php\/wp-json\/wp\/v2\/media?parent=745"}],"wp:term":[{"taxonomy":"product_brand","embeddable":true,"href":"https:\/\/fullquality.es\/index.php\/wp-json\/wp\/v2\/product_brand?post=745"},{"taxonomy":"product_cat","embeddable":true,"href":"https:\/\/fullquality.es\/index.php\/wp-json\/wp\/v2\/product_cat?post=745"},{"taxonomy":"product_tag","embeddable":true,"href":"https:\/\/fullquality.es\/index.php\/wp-json\/wp\/v2\/product_tag?post=745"}],"curies":[{"name":"wp","href":"https:\/\/api.w.org\/{rel}","templated":true}]}}