{"id":691,"date":"2021-03-06T20:21:14","date_gmt":"2021-03-06T20:21:14","guid":{"rendered":"https:\/\/mastercom.es\/producto\/loratap-interruptor-persianas-wifi-2x-rele-de-persianas-temporizador-inteligente-para-cortina-electrica-control-remoto-por-telefono-compatible-con-alexa-y-google-home-para-control-de-voz-300w\/"},"modified":"2021-03-06T20:21:14","modified_gmt":"2021-03-06T20:21:14","slug":"loratap-interruptor-persianas-wifi-2x-rele-de-persianas-temporizador-inteligente-para-cortina-electrica-control-remoto-por-telefono-compatible-con-alexa-y-google-home-para-control-de-voz-300w","status":"publish","type":"product","link":"https:\/\/fullquality.es\/index.php\/product\/loratap-interruptor-persianas-wifi-2x-rele-de-persianas-temporizador-inteligente-para-cortina-electrica-control-remoto-por-telefono-compatible-con-alexa-y-google-home-para-control-de-voz-300w\/","title":{"rendered":"LoraTap Interruptor Persianas WiFi, 2x Rel\u00e9 de Persianas Temporizador Inteligente para Cortina El\u00e9ctrica, Control Remoto por Tel\u00e9fono, Compatible con Alexa y Google Home para Control de Voz, 300W"},"content":{"rendered":"<p><br \/>\n<!-- show up to 2 reviews by default --><\/p>\n<p>Especificaciones: <\/p>\n<\/p>\n<p>Cantidad del interruptor para conectar al m\u00e1ximo: 20. <\/p>\n<\/p>\n<p>Motor compatible: motor con 4 cables (2 cables de salida, 1 cable neutro y 1 cable de tierra). <\/p>\n<\/p>\n<p>Aplicaci\u00f3n: cortina, persiana, persiana, puerta en rollo. <\/p>\n<\/p>\n<p>Tensi\u00f3n de entrada: 100-250 V, 50\/60 Hz. <\/p>\n<\/p>\n<p>Capacidad de carga: \u2264 300 W. <\/p>\n<\/p>\n<p>Tipo de WiFi compatible: 2,4 GHz 802.11 b\/g\/n. <\/p>\n<\/p>\n<p>Consumo en espera: \u2264 0,5 W. <\/p>\n<\/p>\n<p>Temperatura de funcionamiento: -30 \u00b0C ~ 70 \u00b0C. <\/p>\n<p>Dimensiones: 48 x 47 x 22 mm. <\/p>\n<\/p>\n<p>Contenido de la entrega: 2 interruptores para persiana, 1 manual de instrucciones (idioma espa\u00f1ol no garantizado). <\/p>\n<\/p>\n<p>Nota: <\/p>\n<\/p>\n<p>1. Este interruptor solo es compatible con el motor de 4 cables (2 cables de salida, 1 cable neutro y 1 cable de tierra), no es compatible con el motor con 3 cables o el motor con un mando a distancia. <\/p>\n<\/p>\n<p>2. Si quieres controlar este interruptor por voz, hay que decir &#8220;encender\/apagar&#8221; el nombre del interruptor. <\/p>\n<\/p>\n<p>Compatible con interruptor convencional: es una versi\u00f3n actualizada que es compatible con su interruptor de persiana tradicional. Puedes utilizar este interruptor conectado mientras mantiene tu interruptor original.<br \/>\nControl desde cualquier lugar: Conecta este interruptor WiFi directamente a tu red Wi-Fi 2.4G (compatible con Android e iOS) para realizar un control remoto sin l\u00edmite mediante la aplicaci\u00f3n Smart Life (gratuita). No requiere concentrador.<br \/>\nPrograma las horarias: a partir de la aplicaci\u00f3n &#8220;Smart Life&#8221; en tu smartphone, puede gestionar las programas. Con la funci\u00f3n de temporizador, puede abrir y cerrar la persiana a una hora precisa.<br \/>\nControl de voz y control en grupo: compatible con Echo Alexa y Google Home, puede abrir y cerrar la persiana\/cortina por voz. Sin tocar el interruptor. La funci\u00f3n de control en grupo te permite abrir y cerrar hasta 20 persianas en grupo a la vez.<br \/>\nGarant\u00eda de 3 a\u00f1os. LoraTap es una empresa especializada en investigaci\u00f3n, desarrollo y fabricaci\u00f3n de conmutadores de radio e interruptor inteligente desde hace m\u00e1s de 10 a\u00f1os. Todos los productos LoraTap est\u00e1n certificados seg\u00fan las normas europeas. Estamos comprometidos a fabricar todo tipo de conmutadores excelentes para usted. No dudes en comprarlo. Nota: el producto solo es compatible con el motor con 4 hilos (2 cables de salida, 1 cable neutro y 1 cable de tierra).<br \/>\n[amz_corss_sell asin=&#8221;B085HK5MXL&#8221;]<\/p>\n","protected":false},"excerpt":{"rendered":"<p>Compatible con interruptor convencional: es una versi\u00f3n actualizada que es compatible con su interruptor de persiana tradicional. Puedes utilizar este interruptor conectado mientras mantiene tu interruptor original.<br \/>\nControl desde cualquier lugar: Conecta este interruptor WiFi directamente a tu red Wi-Fi 2.4G (compatible con Android e iOS) para realizar un control remoto sin l\u00edmite mediante la aplicaci\u00f3n Smart Life (gratuita). No requiere concentrador.<br \/>\nPrograma las horarias: a partir de la aplicaci\u00f3n &#8220;Smart Life&#8221; en tu smartphone, puede gestionar las programas. Con la funci\u00f3n de temporizador, puede abrir y cerrar la persiana a una hora precisa.<\/p>\n","protected":false},"featured_media":692,"comment_status":"open","ping_status":"closed","template":"","meta":{"_et_pb_use_builder":"","_et_pb_old_content":"","_et_gb_content_width":""},"product_brand":[],"product_cat":[77,103,105],"product_tag":[],"class_list":{"0":"post-691","1":"product","2":"type-product","3":"status-publish","4":"has-post-thumbnail","6":"product_cat-bricolaje-y-herramientas","7":"product_cat-instalacion-electrica","8":"product_cat-interruptores-y-reguladores-de-intensidad","10":"first","11":"instock","12":"shipping-taxable","13":"product-type-external"},"_links":{"self":[{"href":"https:\/\/fullquality.es\/index.php\/wp-json\/wp\/v2\/product\/691","targetHints":{"allow":["GET"]}}],"collection":[{"href":"https:\/\/fullquality.es\/index.php\/wp-json\/wp\/v2\/product"}],"about":[{"href":"https:\/\/fullquality.es\/index.php\/wp-json\/wp\/v2\/types\/product"}],"replies":[{"embeddable":true,"href":"https:\/\/fullquality.es\/index.php\/wp-json\/wp\/v2\/comments?post=691"}],"wp:featuredmedia":[{"embeddable":true,"href":"https:\/\/fullquality.es\/index.php\/wp-json\/"}],"wp:attachment":[{"href":"https:\/\/fullquality.es\/index.php\/wp-json\/wp\/v2\/media?parent=691"}],"wp:term":[{"taxonomy":"product_brand","embeddable":true,"href":"https:\/\/fullquality.es\/index.php\/wp-json\/wp\/v2\/product_brand?post=691"},{"taxonomy":"product_cat","embeddable":true,"href":"https:\/\/fullquality.es\/index.php\/wp-json\/wp\/v2\/product_cat?post=691"},{"taxonomy":"product_tag","embeddable":true,"href":"https:\/\/fullquality.es\/index.php\/wp-json\/wp\/v2\/product_tag?post=691"}],"curies":[{"name":"wp","href":"https:\/\/api.w.org\/{rel}","templated":true}]}}