{"id":677,"date":"2021-03-06T20:20:49","date_gmt":"2021-03-06T20:20:49","guid":{"rendered":"https:\/\/mastercom.es\/producto\/echo-flex-philips-hue-white-pack-de-2-bombillas-led-inteligentes-compatible-con-bluetooth-y-zigbee-no-se-requiere-controlador\/"},"modified":"2021-03-06T20:20:49","modified_gmt":"2021-03-06T20:20:49","slug":"echo-flex-philips-hue-white-pack-de-2-bombillas-led-inteligentes-compatible-con-bluetooth-y-zigbee-no-se-requiere-controlador","status":"publish","type":"product","link":"https:\/\/fullquality.es\/index.php\/product\/echo-flex-philips-hue-white-pack-de-2-bombillas-led-inteligentes-compatible-con-bluetooth-y-zigbee-no-se-requiere-controlador\/","title":{"rendered":"Echo Flex + Philips Hue White Pack de 2 bombillas LED inteligentes, compatible con Bluetooth y Zigbee, no se requiere controlador"},"content":{"rendered":"<p><br \/>\nEste lote incluye un Echo Flex y un juego de 2 bombillas inteligentes Philips Hue White: todo lo que necesitas para entrar en el mundo del Hogar digital.<br \/>\nMejor con Alexa: conecta las bombillas inteligentes Philips Hue a Alexa para controlarlas f\u00e1cilmente con la voz. Simplemente di &#8220;Alexa, enciende la luz del sal\u00f3n&#8221;.<br \/>\nF\u00e1ciles de configurar: conecta las bombillas inteligentes Philips Hue c\u00f3modamente al dispositivo Echo a trav\u00e9s de Bluetooth, sin necesidad de controlador. Solo tienes que encender la bombilla y decir &#8220;Alexa, busca mis dispositivos&#8221;.<br \/>\nHaz un poco m\u00e1s inteligente cualquier estancia: este altavoz inteligente con enchufe integrado te permite tener a Alexa en m\u00e1s lugares de tu casa.<br \/>\nLista para ayudarte: p\u00eddele a Alexa que reproduzca m\u00fasica, responda a preguntas, narre las noticias, consulte la previsi\u00f3n del tiempo, configure alarmas, controle dispositivos de Hogar digital compatibles y mucho m\u00e1s.<br \/>\n2 opciones de bombillas inteligentes: entra en el mundo de la iluminaci\u00f3n inteligente con las bombillas Philips Hue y el dispositivo Echo, que puede controlar hasta 5 bombillas inteligentes Philips Hue Bluetooth que sean compatibles. A\u00f1ade el puente de Philips Hue, al que puedes conectar 50 bombillas y que proporciona un mayor rango y funcionalidades adicionales, para dotar todo tu hogar de iluminaci\u00f3n inteligente.<br \/>\nControl por voz manos libres: crea un ambiente relajante antes de irte a dormir simplemente desde tu tel\u00e9fono. Simplemente di &#8220;Alexa, aten\u00faa las luces&#8221;. \u00bfTienes las manos ocupadas en la cocina? Dile a Alexa que aumente la intensidad de las luces para ver mejor la receta.<br \/>\nEsta bombilla inteligente es compatible con Bluetooth. Aun as\u00ed, funciona con el puente Philips Hue y puede integrarse con facilidad en cualquier sistema de iluminaci\u00f3n Philips Hue que ya tengas configurado. Ilumina tu hogar de forma m\u00e1s inteligente con Philips Hue.<br \/>\n[amz_corss_sell asin=&#8221;B081BRX4B1&#8243;]<\/p>\n","protected":false},"excerpt":{"rendered":"<p>Este lote incluye un Echo Flex y un juego de 2 bombillas inteligentes Philips Hue White: todo lo que necesitas para entrar en el mundo del Hogar digital.<br \/>\nMejor con Alexa: conecta las bombillas inteligentes Philips Hue a Alexa para controlarlas f\u00e1cilmente con la voz. Simplemente di &#8220;Alexa, enciende la luz del sal\u00f3n&#8221;.<br \/>\nF\u00e1ciles de configurar: conecta las bombillas inteligentes Philips Hue c\u00f3modamente al dispositivo Echo a trav\u00e9s de Bluetooth, sin necesidad de controlador. Solo tienes que encender la bombilla y decir &#8220;Alexa, busca mis dispositivos&#8221;.<\/p>\n","protected":false},"featured_media":681,"comment_status":"open","ping_status":"closed","template":"","meta":{"_et_pb_use_builder":"","_et_pb_old_content":"","_et_gb_content_width":""},"product_brand":[],"product_cat":[152],"product_tag":[],"class_list":{"0":"post-677","1":"product","2":"type-product","3":"status-publish","4":"has-post-thumbnail","6":"product_cat-sin-categorizar","8":"first","9":"instock","10":"shipping-taxable","11":"product-type-external"},"_links":{"self":[{"href":"https:\/\/fullquality.es\/index.php\/wp-json\/wp\/v2\/product\/677","targetHints":{"allow":["GET"]}}],"collection":[{"href":"https:\/\/fullquality.es\/index.php\/wp-json\/wp\/v2\/product"}],"about":[{"href":"https:\/\/fullquality.es\/index.php\/wp-json\/wp\/v2\/types\/product"}],"replies":[{"embeddable":true,"href":"https:\/\/fullquality.es\/index.php\/wp-json\/wp\/v2\/comments?post=677"}],"wp:featuredmedia":[{"embeddable":true,"href":"https:\/\/fullquality.es\/index.php\/wp-json\/"}],"wp:attachment":[{"href":"https:\/\/fullquality.es\/index.php\/wp-json\/wp\/v2\/media?parent=677"}],"wp:term":[{"taxonomy":"product_brand","embeddable":true,"href":"https:\/\/fullquality.es\/index.php\/wp-json\/wp\/v2\/product_brand?post=677"},{"taxonomy":"product_cat","embeddable":true,"href":"https:\/\/fullquality.es\/index.php\/wp-json\/wp\/v2\/product_cat?post=677"},{"taxonomy":"product_tag","embeddable":true,"href":"https:\/\/fullquality.es\/index.php\/wp-json\/wp\/v2\/product_tag?post=677"}],"curies":[{"name":"wp","href":"https:\/\/api.w.org\/{rel}","templated":true}]}}