{"id":652,"date":"2021-03-06T20:19:14","date_gmt":"2021-03-06T20:19:14","guid":{"rendered":"https:\/\/mastercom.es\/producto\/teckin-wifi-enchufe-inteligente-16a-3300w-mini-smart-plug-funciona-con-siri-amazon-alexa-echo-google-home-control-remoto-con-temporizador\/"},"modified":"2021-03-06T20:19:14","modified_gmt":"2021-03-06T20:19:14","slug":"teckin-wifi-enchufe-inteligente-16a-3300w-mini-smart-plug-funciona-con-siri-amazon-alexa-echo-google-home-control-remoto-con-temporizador","status":"publish","type":"product","link":"https:\/\/fullquality.es\/index.php\/product\/teckin-wifi-enchufe-inteligente-16a-3300w-mini-smart-plug-funciona-con-siri-amazon-alexa-echo-google-home-control-remoto-con-temporizador\/","title":{"rendered":"TECKIN WiFi Enchufe Inteligente 16A 3300W Mini Smart Plug Funciona con Siri Amazon Alexa Echo, Google Home, Control remoto con temporizador"},"content":{"rendered":"<p><br \/>\nHaz clic aqu\u00ed para comprobar si este producto es compatible con tu modelo<br \/>\nControl remoto voz: Enchufe inteligente TECKIN, descargue la aplicaci\u00f3n Smart Life y controle sus luces y electrodom\u00e9sticos desde su tel\u00e9fono y su voz a trav\u00e9s de Amazon Alexa o el Asistente de Google. Solo necesita Wi-Fi. No se requiere hub o suscripci\u00f3n.<br \/>\nEstablecer el horario y los temporizadores: Con la aplicaci\u00f3n Smart Life, puede programar una l\u00e1mpara para que se encienda al atardecer o mantener su casa c\u00f3moda programando un ventilador para que se encienda antes de llegar.<br \/>\nF\u00e1cil de usar e instalar: Todo lo que necesita hacer es configurar su enchufe inteligente con red Wi-Fi, conectar y registrar los dispositivos. El enchufe inteligente es compatible con la red inal\u00e1mbrica de 2.4GHz. (No es compatible con la red inal\u00e1mbrica de 5 GHz). El enchufe inteligente es compatible con el sistema operativo Android e IOS. Puede usar un tel\u00e9fono inteligente para conectar y controlar m\u00faltiples dispositivos.<br \/>\nMini plug e potente: Teckin Mini Smart Plug presenta un nuovo design elegante e ti far\u00e0 risparmiare spazio, Facile da usare e installare, richiede una connessione Wi-Fi protetta a 2,4 GHz, funziona con AC100-240 V, carico massimo di 16 A. Puoi anche creare un gruppo per tutti i tuoi dispositivi intelligenti e controllarli tutti con un solo comando.<br \/>\nConsejos C\u00e1lidos: Si encuentra alg\u00fan problema o necesita m\u00e1s ayuda, inf\u00f3rmenos a trav\u00e9s de Amazon directamente. Nos complace recibir sus sugerencias para nuestros productos.<br \/>\n[amz_corss_sell asin=&#8221;B07MDFHSH1&#8243;]<\/p>\n","protected":false},"excerpt":{"rendered":"<p>Haz clic aqu\u00ed para comprobar si este producto es compatible con tu modelo<br \/>\nControl remoto voz: Enchufe inteligente TECKIN, descargue la aplicaci\u00f3n Smart Life y controle sus luces y electrodom\u00e9sticos desde su tel\u00e9fono y su voz a trav\u00e9s de Amazon Alexa o el Asistente de Google. Solo necesita Wi-Fi. No se requiere hub o suscripci\u00f3n.<br \/>\nEstablecer el horario y los temporizadores: Con la aplicaci\u00f3n Smart Life, puede programar una l\u00e1mpara para que se encienda al atardecer o mantener su casa c\u00f3moda programando un ventilador para que se encienda antes de llegar.<\/p>\n","protected":false},"featured_media":654,"comment_status":"open","ping_status":"closed","template":"","meta":{"_et_pb_use_builder":"","_et_pb_old_content":"","_et_gb_content_width":""},"product_brand":[],"product_cat":[77,179,103,190],"product_tag":[],"class_list":{"0":"post-652","1":"product","2":"type-product","3":"status-publish","4":"has-post-thumbnail","6":"product_cat-bricolaje-y-herramientas","7":"product_cat-enchufes-y-tomas-de-corriente-alterna","8":"product_cat-instalacion-electrica","9":"product_cat-tomas-de-corriente-alterna","11":"first","12":"instock","13":"shipping-taxable","14":"product-type-external"},"_links":{"self":[{"href":"https:\/\/fullquality.es\/index.php\/wp-json\/wp\/v2\/product\/652","targetHints":{"allow":["GET"]}}],"collection":[{"href":"https:\/\/fullquality.es\/index.php\/wp-json\/wp\/v2\/product"}],"about":[{"href":"https:\/\/fullquality.es\/index.php\/wp-json\/wp\/v2\/types\/product"}],"replies":[{"embeddable":true,"href":"https:\/\/fullquality.es\/index.php\/wp-json\/wp\/v2\/comments?post=652"}],"wp:featuredmedia":[{"embeddable":true,"href":"https:\/\/fullquality.es\/index.php\/wp-json\/"}],"wp:attachment":[{"href":"https:\/\/fullquality.es\/index.php\/wp-json\/wp\/v2\/media?parent=652"}],"wp:term":[{"taxonomy":"product_brand","embeddable":true,"href":"https:\/\/fullquality.es\/index.php\/wp-json\/wp\/v2\/product_brand?post=652"},{"taxonomy":"product_cat","embeddable":true,"href":"https:\/\/fullquality.es\/index.php\/wp-json\/wp\/v2\/product_cat?post=652"},{"taxonomy":"product_tag","embeddable":true,"href":"https:\/\/fullquality.es\/index.php\/wp-json\/wp\/v2\/product_tag?post=652"}],"curies":[{"name":"wp","href":"https:\/\/api.w.org\/{rel}","templated":true}]}}