{"id":645,"date":"2021-03-06T20:16:48","date_gmt":"2021-03-06T20:16:48","guid":{"rendered":"https:\/\/mastercom.es\/producto\/enchufe-multiple-inteligente-wifi-regleta-compatible-con-alexa-google-assistant-y-smartthings-con-4-tomas-y-4-usb-mss425f-meross\/"},"modified":"2021-03-06T20:16:48","modified_gmt":"2021-03-06T20:16:48","slug":"enchufe-multiple-inteligente-wifi-regleta-compatible-con-alexa-google-assistant-y-smartthings-con-4-tomas-y-4-usb-mss425f-meross","status":"publish","type":"product","link":"https:\/\/fullquality.es\/index.php\/product\/enchufe-multiple-inteligente-wifi-regleta-compatible-con-alexa-google-assistant-y-smartthings-con-4-tomas-y-4-usb-mss425f-meross\/","title":{"rendered":"Enchufe M\u00faltiple Inteligente Wifi Regleta &#8211; Compatible con Alexa, Google assistant y SmartThings, con 4 Tomas y 4 USB, MSS425F, Meross."},"content":{"rendered":"<p><br \/>\nHaz clic aqu\u00ed para comprobar si este producto es compatible con tu modelo<br \/>\n\u2605Control Remoto\u2605: El enchufe m\u00faltiple con 4 tomas y 4 puertos USB, ideal para uso en el hogar y la oficina. Especialmente adecuado para personas mayores y discapacitadas, as\u00ed como para personas con movilidad limitada. Funciona con el Wi-Fi que ya tiene en su hogar, sin necesidad de hub o accesorios. Encienda\/apague cada toma y cuatro puertos USB desde cualquier lugar con su aplicaci\u00f3n Meross (iOS y Android).<br \/>\n\u2605Seguridad\u2605: Meross regleta inteligente aprob\u00f3 la certificaci\u00f3n europea CE y RoHS (n\u00famero de certificaci\u00f3n:TB180318145). No permita que otras regletas inteligentes de baja calidad pongan en peligro la seguridad de su familia. Meross Siempre le da mucha importancia a la seguridad del producto.<br \/>\n\u2605Enchufe M\u00faltiple\u2605: Cree y configure horarios de encendido\/apagado, as\u00ed como una rutina de temporizador de apagado autom\u00e1tico para cada toma de corriente y cuatro puertos USB para que funcionen autom\u00e1ticamente.<br \/>\n\u2605Protecci\u00f3n de Sobrecarga\u2605: Los puertos de carga USB inteligentes proporcionan hasta 4.0 A de potencia para cuatro puertos USB; los cuatros tomas de corriente con una potencia m\u00e1xima de 10A. El mecanismo de protecci\u00f3n contra sobrecorriente ayuda a asegurar todos sus aparatos el\u00e9ctricos conectados. \u2605Nota\u2605: 4 USB no se puede controlar por separado en la aplicaci\u00f3n.<br \/>\n\u2605Servicio\u2605: No te tengas que preocupar por nada, con soporte t\u00e9cnico 24 horas al d\u00eda. Si tienes alg\u00fan problema o duda, ponte en contacto con nosotros, estamos aqu\u00ed para solucionarlas.<br \/>\n[amz_corss_sell asin=&#8221;B07PMWYNSW&#8221;]<\/p>\n","protected":false},"excerpt":{"rendered":"<p>Haz clic aqu\u00ed para comprobar si este producto es compatible con tu modelo<br \/>\n\u2605Control Remoto\u2605: El enchufe m\u00faltiple con 4 tomas y 4 puertos USB, ideal para uso en el hogar y la oficina. Especialmente adecuado para personas mayores y discapacitadas, as\u00ed como para personas con movilidad limitada. Funciona con el Wi-Fi que ya tiene en su hogar, sin necesidad de hub o accesorios. Encienda\/apague cada toma y cuatro puertos USB desde cualquier lugar con su aplicaci\u00f3n Meross (iOS y Android).<br \/>\n\u2605Seguridad\u2605: Meross regleta inteligente aprob\u00f3 la certificaci\u00f3n europea CE y RoHS (n\u00famero de certificaci\u00f3n:TB180318145). No permita que otras regletas inteligentes de baja calidad pongan en peligro la seguridad de su familia. Meross Siempre le da mucha importancia a la seguridad del producto.<\/p>\n","protected":false},"featured_media":646,"comment_status":"open","ping_status":"closed","template":"","meta":{"_et_pb_use_builder":"","_et_pb_old_content":"","_et_gb_content_width":""},"product_brand":[],"product_cat":[77,195,178,103],"product_tag":[],"class_list":{"0":"post-645","1":"product","2":"type-product","3":"status-publish","4":"has-post-thumbnail","6":"product_cat-bricolaje-y-herramientas","7":"product_cat-enchufes-inteligentes-y-a-control-remoto","8":"product_cat-enchufes-y-accesorios","9":"product_cat-instalacion-electrica","11":"first","12":"instock","13":"shipping-taxable","14":"product-type-external"},"_links":{"self":[{"href":"https:\/\/fullquality.es\/index.php\/wp-json\/wp\/v2\/product\/645","targetHints":{"allow":["GET"]}}],"collection":[{"href":"https:\/\/fullquality.es\/index.php\/wp-json\/wp\/v2\/product"}],"about":[{"href":"https:\/\/fullquality.es\/index.php\/wp-json\/wp\/v2\/types\/product"}],"replies":[{"embeddable":true,"href":"https:\/\/fullquality.es\/index.php\/wp-json\/wp\/v2\/comments?post=645"}],"wp:featuredmedia":[{"embeddable":true,"href":"https:\/\/fullquality.es\/index.php\/wp-json\/"}],"wp:attachment":[{"href":"https:\/\/fullquality.es\/index.php\/wp-json\/wp\/v2\/media?parent=645"}],"wp:term":[{"taxonomy":"product_brand","embeddable":true,"href":"https:\/\/fullquality.es\/index.php\/wp-json\/wp\/v2\/product_brand?post=645"},{"taxonomy":"product_cat","embeddable":true,"href":"https:\/\/fullquality.es\/index.php\/wp-json\/wp\/v2\/product_cat?post=645"},{"taxonomy":"product_tag","embeddable":true,"href":"https:\/\/fullquality.es\/index.php\/wp-json\/wp\/v2\/product_tag?post=645"}],"curies":[{"name":"wp","href":"https:\/\/api.w.org\/{rel}","templated":true}]}}