{"id":587,"date":"2020-09-01T11:40:26","date_gmt":"2020-09-01T11:40:26","guid":{"rendered":"https:\/\/mastercom.es\/producto\/sonoff-4ch-r2-wifi-luz-smart-switch-4-bandas-4-canales-electronico-switch-ios-android-app-de-control-funciona-con-google-alexa-google-1pc\/"},"modified":"2020-09-01T11:40:26","modified_gmt":"2020-09-01T11:40:26","slug":"sonoff-4ch-r2-wifi-luz-smart-switch-4-bandas-4-canales-electronico-switch-ios-android-app-de-control-funciona-con-google-alexa-google-1pc","status":"publish","type":"product","link":"https:\/\/fullquality.es\/index.php\/product\/sonoff-4ch-r2-wifi-luz-smart-switch-4-bandas-4-canales-electronico-switch-ios-android-app-de-control-funciona-con-google-alexa-google-1pc\/","title":{"rendered":"Docooler 4CH R3 WiFi Interruptor Inteligente M\u00f3dulo de Interruptor de automatizaci\u00f3n del hogar de 4 v\u00edas Compatible con\u2026"},"content":{"rendered":"<p><br \/>\nControl remoto ON \/ OFF: enciende \/ apaga dispositivos el\u00e9ctricos desde cualquier lugar a trav\u00e9s de la aplicaci\u00f3n &#8220;EWeLink&#8221;.Montaje en riel DIN: ideal para control industrial.<br \/>\nEstado de sincronizaci\u00f3n&amp;Control compartido: estado del dispositivo en tiempo real proporcionado a la aplicaci\u00f3n.controle su hogar inteligente junto con su familia<br \/>\nTemporizador de programaci\u00f3n: establezca temporizadores programados \/ de cuenta regresiva para encender \/ apagar a la hora especificada.enciende \/ apaga una pandilla de dispositivos con un toque<br \/>\nControl de voz inteligente: funciona perfectamente con Amazon Alexa, Google Home, Google Nest, IFTTT. IFTTT integra todos tus dispositivos, aplicaciones y herramientas sociales, proporcionando nuevas formas de control.<br \/>\n[amz_corss_sell asin=&#8221;B07PHFLCXX&#8221;]<\/p>\n","protected":false},"excerpt":{"rendered":"<p>Control remoto ON \/ OFF: enciende \/ apaga dispositivos el\u00e9ctricos desde cualquier lugar a trav\u00e9s de la aplicaci\u00f3n &#8220;EWeLink&#8221;.Montaje en riel DIN: ideal para control industrial.<br \/>\nEstado de sincronizaci\u00f3n&amp;Control compartido: estado del dispositivo en tiempo real proporcionado a la aplicaci\u00f3n.controle su hogar inteligente junto con su familia<br \/>\nTemporizador de programaci\u00f3n: establezca temporizadores programados \/ de cuenta regresiva para encender \/ apagar a la hora especificada.enciende \/ apaga una pandilla de dispositivos con un toque<\/p>\n","protected":false},"featured_media":588,"comment_status":"open","ping_status":"closed","template":"","meta":{"_et_pb_use_builder":"","_et_pb_old_content":"","_et_gb_content_width":""},"product_brand":[],"product_cat":[77,195,178,103],"product_tag":[],"class_list":{"0":"post-587","1":"product","2":"type-product","3":"status-publish","4":"has-post-thumbnail","6":"product_cat-bricolaje-y-herramientas","7":"product_cat-enchufes-inteligentes-y-a-control-remoto","8":"product_cat-enchufes-y-accesorios","9":"product_cat-instalacion-electrica","11":"first","12":"instock","13":"shipping-taxable","14":"product-type-external"},"_links":{"self":[{"href":"https:\/\/fullquality.es\/index.php\/wp-json\/wp\/v2\/product\/587","targetHints":{"allow":["GET"]}}],"collection":[{"href":"https:\/\/fullquality.es\/index.php\/wp-json\/wp\/v2\/product"}],"about":[{"href":"https:\/\/fullquality.es\/index.php\/wp-json\/wp\/v2\/types\/product"}],"replies":[{"embeddable":true,"href":"https:\/\/fullquality.es\/index.php\/wp-json\/wp\/v2\/comments?post=587"}],"wp:featuredmedia":[{"embeddable":true,"href":"https:\/\/fullquality.es\/index.php\/wp-json\/"}],"wp:attachment":[{"href":"https:\/\/fullquality.es\/index.php\/wp-json\/wp\/v2\/media?parent=587"}],"wp:term":[{"taxonomy":"product_brand","embeddable":true,"href":"https:\/\/fullquality.es\/index.php\/wp-json\/wp\/v2\/product_brand?post=587"},{"taxonomy":"product_cat","embeddable":true,"href":"https:\/\/fullquality.es\/index.php\/wp-json\/wp\/v2\/product_cat?post=587"},{"taxonomy":"product_tag","embeddable":true,"href":"https:\/\/fullquality.es\/index.php\/wp-json\/wp\/v2\/product_tag?post=587"}],"curies":[{"name":"wp","href":"https:\/\/api.w.org\/{rel}","templated":true}]}}