{"id":579,"date":"2020-09-01T11:40:02","date_gmt":"2020-09-01T11:40:02","guid":{"rendered":"https:\/\/mastercom.es\/producto\/sonoff-s20-version-de-actualizacion-wifi-enchufe-inteligente-inalambrico-interruptor-con-control-remoto-y-temporizador-para-amazon-echo-echo-dot-amazon-tap-google-nest-agarre-de-dedo\/"},"modified":"2020-09-01T11:40:02","modified_gmt":"2020-09-01T11:40:02","slug":"sonoff-s20-version-de-actualizacion-wifi-enchufe-inteligente-inalambrico-interruptor-con-control-remoto-y-temporizador-para-amazon-echo-echo-dot-amazon-tap-google-nest-agarre-de-dedo","status":"publish","type":"product","link":"https:\/\/fullquality.es\/index.php\/product\/sonoff-s20-version-de-actualizacion-wifi-enchufe-inteligente-inalambrico-interruptor-con-control-remoto-y-temporizador-para-amazon-echo-echo-dot-amazon-tap-google-nest-agarre-de-dedo\/","title":{"rendered":"S20 (Versi\u00f3n de Actualizaci\u00f3n) WiFi Enchufe Inteligente Inal\u00e1mbrico Interruptor con Control Remoto y Temporizador para\u2026"},"content":{"rendered":"\n<div class=\"disclaim\">Color:<strong>S20<\/strong><\/div>\n<p><!-- show up to 2 reviews by default --><\/p>\n<p> <b>Descripci\u00f3n:<\/b> <\/p>\n<p> S20 Enchufe Inteligente es un enchufe inteligente wifi inal\u00e1mbrico que puede conectar electrodom\u00e9sticos y dispositivos el\u00e9ctricos a trav\u00e9s de wifi, lo que le permite el control remoto a trav\u00e9s de iOS \/ Android APP &#8220;eWeLink&#8221;. Despu\u00e9s de agregar el echufe a su aplicaci\u00f3n, puede encender o apagar remotamente sus dispositivos conectados desde cualquier lugar y en cualquier momento. Adem\u00e1s, puede establecer horarios, compartir el control del dispositivo con otros, administrar grupos y escenas con la aplicaci\u00f3n. <\/p>\n<p> <b>Nota:<\/b> <\/p>\n<p> Compatible con Amazon Alexa, Amazon Echo, Echo Dot y Amazon Tap, Google Home, Google Nest<br \/> eWeLink s\u00f3lo soporta 2.4G protocolo de comunicaci\u00f3n WiFi, 5G-WiFi no es compatible. <\/p>\n<p> <b>Especificaciones:<\/b> <\/p>\n<p> Fuente de alimentaci\u00f3n: 90V ~ 265V AC (50 \/ 60Hz)<br \/> M\u00e1ximo corriente de entrada: 10A<br \/> M\u00e1ximo potencia: 2200W<br \/> Material: ABS VO<br \/> Est\u00e1ndar inal\u00e1mbrico: 802.11.b \/ g \/ n<br \/> Cifrado: WEP \/ TKIP \/ AES<br \/> Mecanismo de seguridad: WPA-PSK \/ WPA2-PSK<br \/> Temperatura de funcionamiento: 0\u00baC-40\u00baC (32 \u00b0 F-104 \u00b0 F)<br \/> Humedad de funcionamiento: 5% -90% HR <\/p>\n<p> <b>Funciones de APP&#8221;eWelink&#8221;<\/b> <\/p>\n<p> Control remoto WiFi y Ver el estado del dispositivo: Encender \/ apagar a trav\u00e9s de tocar el \u00edcono del dispositivo. Estado del dispositivo siempre visualizaci\u00f3n simult\u00e1nea en la aplicaci\u00f3n.<br \/> El propietario puede compartir los dispositivos con otras cuentas de eWeLink<br \/> Soporta 8 grupos de funciones de tiempo, puede tiempo de retardo y tiempo de bucle. Los temporizadores preestablecidos pueden funcionar aunque la red no est\u00e9 disponible, pero el dispositivo debe permanecer encendido.<br \/> En Configuraci\u00f3n del dispositivo, puede configurar el estado del dispositivo predeterminado: ENCENDIDO o APAGADO cuando se inicia el dispositivo.<br \/> Escena \/ Escena Inteligente<br \/> Mecanismo de seguridad <\/p>\n<\/p>\n<p>Haz clic aqu\u00ed para comprobar si este producto es compatible con tu modelo<br \/>\n\ud83c\udf38\ud83c\udf38\u3010La fuerte compatibilidad\u3011Puede descargar la aplicaci\u00f3n &#8220;eWeLink&#8221; a trav\u00e9s de cualquier tel\u00e9fono inteligente o tableta a conseguir control remoto. El z\u00f3calo inteligente conecta al Internet a trav\u00e9s de WIFI. A trav\u00e9s de smartphone iOS o Android o tableta a controlar el enchufe.<br \/>\n\ud83c\udf38\ud83c\udf38\u3010Control inteligente remoto\u3011Usted puede acceder remotamente\/presencialmente al control ENCENDIDO\/APAGADO de cualquier dispositivo (l\u00e1mpara de mesa, horno de calefacci\u00f3n el\u00e9ctrica, calentador de agua, ventilador el\u00e9ctrico, cocina el\u00e9ctrica, etc) casero conectado v\u00eda APP eWeLink en su tel\u00e9fono m\u00f3vil o tablet. No hay limitaci\u00f3n de distancia \/ tiempo.<br \/>\n\ud83c\udf38\ud83c\udf38\u3010Funci\u00f3n de tiempo\u3011Soporte m\u00e1x. 8 tiempos de temporizaci\u00f3n solo \/ repetici\u00f3n \/ cuenta atr\u00e1s. Los temporizadores preestablecidos pueden funcionar aunque la red no est\u00e9 disponible, pero el dispositivo debe permanecer encendido.<br \/>\n\ud83c\udf38\ud83c\udf38\u3010Comparte el control\u3011Puede compartir el control de sus electrodom\u00e9sticos con otros para que tambi\u00e9n puedan activar\/desactivar los dispositivos de forma remota.<br \/>\n\ud83c\udf38\ud83c\udf38\u3010Compatible con Alexa &amp; Google Home &amp; IFTTT\u3011Simplemente con un simple comando de voz, Amazon Alexa o el Asistente de Google funcionar\u00e1n para usted, activando \/ desactivando los dispositivos conectados En seguida. IFTTT integra todos tus dispositivos, aplicaciones y herramientas sociales, proporcionando nuevas formas de control.<br \/>\n[amz_corss_sell asin=&#8221;B07869WFWC&#8221;]<\/p>\n","protected":false},"excerpt":{"rendered":"<p>Haz clic aqu\u00ed para comprobar si este producto es compatible con tu modelo<br \/>\n\ud83c\udf38\ud83c\udf38\u3010La fuerte compatibilidad\u3011Puede descargar la aplicaci\u00f3n &#8220;eWeLink&#8221; a trav\u00e9s de cualquier tel\u00e9fono inteligente o tableta a conseguir control remoto. El z\u00f3calo inteligente conecta al Internet a trav\u00e9s de WIFI. A trav\u00e9s de smartphone iOS o Android o tableta a controlar el enchufe.<br \/>\n\ud83c\udf38\ud83c\udf38\u3010Control inteligente remoto\u3011Usted puede acceder remotamente\/presencialmente al control ENCENDIDO\/APAGADO de cualquier dispositivo (l\u00e1mpara de mesa, horno de calefacci\u00f3n el\u00e9ctrica, calentador de agua, ventilador el\u00e9ctrico, cocina el\u00e9ctrica, etc) casero conectado v\u00eda APP eWeLink en su tel\u00e9fono m\u00f3vil o tablet. No hay limitaci\u00f3n de distancia \/ tiempo.<\/p>\n","protected":false},"featured_media":580,"comment_status":"open","ping_status":"closed","template":"","meta":{"_et_pb_use_builder":"","_et_pb_old_content":"","_et_gb_content_width":""},"product_brand":[],"product_cat":[168,86,183,163],"product_tag":[],"class_list":{"0":"post-579","1":"product","2":"type-product","3":"status-publish","4":"has-post-thumbnail","6":"product_cat-accesorios","7":"product_cat-electronica","8":"product_cat-mandos-a-distancia","9":"product_cat-tv-video-y-home-cinema","11":"first","12":"instock","13":"shipping-taxable","14":"product-type-external"},"_links":{"self":[{"href":"https:\/\/fullquality.es\/index.php\/wp-json\/wp\/v2\/product\/579","targetHints":{"allow":["GET"]}}],"collection":[{"href":"https:\/\/fullquality.es\/index.php\/wp-json\/wp\/v2\/product"}],"about":[{"href":"https:\/\/fullquality.es\/index.php\/wp-json\/wp\/v2\/types\/product"}],"replies":[{"embeddable":true,"href":"https:\/\/fullquality.es\/index.php\/wp-json\/wp\/v2\/comments?post=579"}],"wp:featuredmedia":[{"embeddable":true,"href":"https:\/\/fullquality.es\/index.php\/wp-json\/"}],"wp:attachment":[{"href":"https:\/\/fullquality.es\/index.php\/wp-json\/wp\/v2\/media?parent=579"}],"wp:term":[{"taxonomy":"product_brand","embeddable":true,"href":"https:\/\/fullquality.es\/index.php\/wp-json\/wp\/v2\/product_brand?post=579"},{"taxonomy":"product_cat","embeddable":true,"href":"https:\/\/fullquality.es\/index.php\/wp-json\/wp\/v2\/product_cat?post=579"},{"taxonomy":"product_tag","embeddable":true,"href":"https:\/\/fullquality.es\/index.php\/wp-json\/wp\/v2\/product_tag?post=579"}],"curies":[{"name":"wp","href":"https:\/\/api.w.org\/{rel}","templated":true}]}}