{"id":575,"date":"2020-09-01T11:38:59","date_gmt":"2020-09-01T11:38:59","guid":{"rendered":"https:\/\/mastercom.es\/producto\/azdelivery-5-x-modulo-sensor-de-medicion-de-distancia-de-tiempo-de-vuelo-tof-940nm-con-e-book-incluido\/"},"modified":"2020-09-01T11:38:59","modified_gmt":"2020-09-01T11:38:59","slug":"azdelivery-5-x-modulo-sensor-de-medicion-de-distancia-de-tiempo-de-vuelo-tof-940nm-con-e-book-incluido","status":"publish","type":"product","link":"https:\/\/fullquality.es\/index.php\/product\/azdelivery-5-x-modulo-sensor-de-medicion-de-distancia-de-tiempo-de-vuelo-tof-940nm-con-e-book-incluido\/","title":{"rendered":"AZDelivery 5 pcs VL53L0X Time of Flight Sensor Modulo Sensor de Medicion de Distancia de Tiempo de Vuelo (ToF) 940nm con\u2026"},"content":{"rendered":"<p>[et_pb_section fb_built=&#8221;1&#8243; _builder_version=&#8221;3.22&#8243; custom_padding=&#8221;0px||||false|false&#8221;][et_pb_row _builder_version=&#8221;3.25&#8243; background_size=&#8221;initial&#8221; background_position=&#8221;top_left&#8221; background_repeat=&#8221;repeat&#8221; width=&#8221;100%&#8221; custom_padding=&#8221;0px||0px||false|false&#8221;][et_pb_column type=&#8221;4_4&#8243; _builder_version=&#8221;3.25&#8243; custom_padding=&#8221;|||&#8221; custom_padding__hover=&#8221;|||&#8221;][et_pb_wc_breadcrumb _builder_version=&#8221;3.0.47&#8243;][\/et_pb_wc_breadcrumb][et_pb_wc_cart_notice _builder_version=&#8221;3.0.47&#8243;][\/et_pb_wc_cart_notice][\/et_pb_column][\/et_pb_row][et_pb_row _builder_version=&#8221;3.25&#8243; background_size=&#8221;initial&#8221; background_position=&#8221;top_left&#8221; background_repeat=&#8221;repeat&#8221; width=&#8221;100%&#8221; custom_padding=&#8221;0px||||false|false&#8221; column_structure=&#8221;1_2,1_2&#8243;][et_pb_column type=&#8221;1_2&#8243; _builder_version=&#8221;3.25&#8243; custom_padding=&#8221;|||&#8221; custom_padding__hover=&#8221;|||&#8221;][et_pb_wc_images _builder_version=&#8221;4.9.2&#8243; hover_enabled=&#8221;0&#8243; sticky_enabled=&#8221;0&#8243;][\/et_pb_wc_images][\/et_pb_column][et_pb_column type=&#8221;1_2&#8243; _builder_version=&#8221;3.25&#8243; custom_padding=&#8221;|||&#8221; custom_padding__hover=&#8221;|||&#8221;][et_pb_wc_title _builder_version=&#8221;3.0.47&#8243;][\/et_pb_wc_title][et_pb_wc_rating _builder_version=&#8221;3.0.47&#8243;][\/et_pb_wc_rating][et_pb_wc_price _builder_version=&#8221;3.0.47&#8243;][\/et_pb_wc_price][et_pb_wc_description _builder_version=&#8221;3.0.47&#8243;][\/et_pb_wc_description][et_pb_wc_add_to_cart _builder_version=&#8221;3.0.47&#8243;][\/et_pb_wc_add_to_cart][et_pb_wc_meta _builder_version=&#8221;3.0.47&#8243;][\/et_pb_wc_meta][\/et_pb_column][\/et_pb_row][et_pb_row _builder_version=&#8221;3.25&#8243; background_size=&#8221;initial&#8221; background_position=&#8221;top_left&#8221; background_repeat=&#8221;repeat&#8221; width=&#8221;100%&#8221;][et_pb_column type=&#8221;4_4&#8243; _builder_version=&#8221;3.25&#8243; custom_padding=&#8221;|||&#8221; custom_padding__hover=&#8221;|||&#8221;][et_pb_wc_tabs _builder_version=&#8221;3.0.47&#8243;]\t\t\t\t\t[\/et_pb_wc_tabs][et_pb_wc_upsells _builder_version=&#8221;3.0.47&#8243;][\/et_pb_wc_upsells][et_pb_wc_related_products _builder_version=&#8221;3.0.47&#8243;][\/et_pb_wc_related_products][\/et_pb_column][\/et_pb_row][\/et_pb_section]<\/p>\n","protected":false},"excerpt":{"rendered":"<p>\u2714\ufe0f \u00a1Obtenga cinco M\u00f3dulos Sensor de Medicion de Distancia de Tiempo de Vuelo (ToF) a un precio especial de descuento por cantidad!<br \/>\n\u2714\ufe0f El Sensor de Tiempo de Vuelo es un m\u00f3dulo compacto que mide exactamente cu\u00e1nto tiempo tardan los pulsos de luz infrarroja en alcanzar el obst\u00e1culo y reflejarse de vuelta en el detector.<br \/>\n\u2714\ufe0f El sensor ToF utiliza una interfaz I2C para enviar datos al microcontrolador.<\/p>\n","protected":false},"featured_media":576,"comment_status":"open","ping_status":"closed","template":"","meta":{"_et_pb_use_builder":"on","_et_pb_old_content":"[gallery]\n<div class=\"disclaim\">N\u00famero de unidades:<strong>5<\/strong><\/div><!-- show up to 2 reviews by default --><p><b>AZDelivery \u2b50\u2b50\u2b50\u2b50\u2b50 Modulo Sensor de Medicion de Distancia de Tiempo de Vuelo (ToF) 940nm con E-Book incluido! <\/b><br><br>El <b>AZDelivery Sensor ToF<\/b> puede reportar distancias de hasta 1 m en modo normal con una resoluci\u00f3n de 1 mm.<br>En el modo de largo alcance, el sensor puede informar distancias de hasta 2 m con una precisi\u00f3n ligeramente menor.<br>Las mediciones de rango est\u00e1n disponibles a trav\u00e9s de la interfaz I2C (TWI) de los sensores, que tambi\u00e9n se utiliza para configurar los ajustes de los sensores.<br>El sensor tiene dos pines adicionales: una entrada de apagado y una salida de interrupci\u00f3n.<br>El propio sensor funciona con un voltaje recomendado de 2,8V.<br> El m\u00f3dulo contiene un regulador de voltaje de 3,3V y 5V, por lo que el m\u00f3dulo puede ser usado con microcontroladores de 3,3V y 5V.<br><br><b>Especificaciones:<\/b><br><br>\u2714\ufe0f Voltaje de funcionamiento 2.6V - 5V DC<br>\u2714\ufe0f Luz infrarroja a 940 nm<br>\u2714\ufe0f Interfaz I2C<br>\u2714\ufe0f Muy sensible (50 ms)<br>\u2714\ufe0f Alcance: modo normal 0 - 1000m, modo remoto 0 -2000mm<br>\u2714\ufe0f Precisi\u00f3n del 1% para distancias de hasta 1 m (m\u00e1s del 10% para 2 m)<br><br>\u00a1Usted recibir\u00e1 productos de alta calidad y entrega r\u00e1pida desde Espa\u00f1a por la compra de \u2b50 \u2b50 \u2b50 \u2b50 \u2b50 <b> AZDelivery!<\/b><br>Para m\u00e1s ideas y proyectos, por favor visite nuestro blog en Internet o descargue nuestros E-books de nuestra web!<br><b>AZ-Delivery: \u00a1Su experto en Microelectr\u00f3nica!<\/b><br>AZDelivery es una marca comercial registrada en la oficina de patentes y marcas alemanas (DPMA).<br>Seg\u00fan el p\u00e1rrafo \u00a7 14 l\u00ednea 2 en la Ley de Marcas queda prohibido a terceros el uso de esta marca en el curso de operaciones comerciales.<\/p>\n\u2714\ufe0f \u00a1Obtenga cinco M\u00f3dulos Sensor de Medicion de Distancia de Tiempo de Vuelo (ToF) a un precio especial de descuento por cantidad!\n\u2714\ufe0f El Sensor de Tiempo de Vuelo es un m\u00f3dulo compacto que mide exactamente cu\u00e1nto tiempo tardan los pulsos de luz infrarroja en alcanzar el obst\u00e1culo y reflejarse de vuelta en el detector.\n\u2714\ufe0f El sensor ToF utiliza una interfaz I2C para enviar datos al microcontrolador.\n\u2714\ufe0f Rango de \u00b1 3 % en el mejor caso a m\u00e1s de \u00b1 10 % en condiciones menos \u00f3ptimas. El tiempo de respuesta es r\u00e1pida: 50 ms.\n\u2714\ufe0f \u00a1Usted recibir\u00e1 una factura con IVA incluido seg\u00fan las normas espa\u00f1olas, as\u00ed como productos de alta calidad y entrega r\u00e1pida desde Espa\u00f1a por la compra de \u2b50 \u2b50 \u2b50 \u2b50 \u2b50 AZDelivery! Con el E-book \ud83d\udcd6 incluido de AZDelivery, usted puede comenzar su proyecto sin tener que dedicar mucho tiempo a configurar el producto.\n[amz_corss_sell asin=\"B086TSNTFD\"]","_et_gb_content_width":""},"product_brand":[],"product_cat":[173,176,102,187],"product_tag":[],"class_list":{"0":"post-575","1":"product","2":"type-product","3":"status-publish","4":"has-post-thumbnail","6":"product_cat-componentes","7":"product_cat-dispositivos-internos","8":"product_cat-informatica","9":"product_cat-placas-base","11":"first","12":"instock","13":"shipping-taxable","14":"product-type-external"},"_links":{"self":[{"href":"https:\/\/fullquality.es\/index.php\/wp-json\/wp\/v2\/product\/575","targetHints":{"allow":["GET"]}}],"collection":[{"href":"https:\/\/fullquality.es\/index.php\/wp-json\/wp\/v2\/product"}],"about":[{"href":"https:\/\/fullquality.es\/index.php\/wp-json\/wp\/v2\/types\/product"}],"replies":[{"embeddable":true,"href":"https:\/\/fullquality.es\/index.php\/wp-json\/wp\/v2\/comments?post=575"}],"wp:featuredmedia":[{"embeddable":true,"href":"https:\/\/fullquality.es\/index.php\/wp-json\/"}],"wp:attachment":[{"href":"https:\/\/fullquality.es\/index.php\/wp-json\/wp\/v2\/media?parent=575"}],"wp:term":[{"taxonomy":"product_brand","embeddable":true,"href":"https:\/\/fullquality.es\/index.php\/wp-json\/wp\/v2\/product_brand?post=575"},{"taxonomy":"product_cat","embeddable":true,"href":"https:\/\/fullquality.es\/index.php\/wp-json\/wp\/v2\/product_cat?post=575"},{"taxonomy":"product_tag","embeddable":true,"href":"https:\/\/fullquality.es\/index.php\/wp-json\/wp\/v2\/product_tag?post=575"}],"curies":[{"name":"wp","href":"https:\/\/api.w.org\/{rel}","templated":true}]}}