{"id":568,"date":"2020-09-01T11:38:39","date_gmt":"2020-09-01T11:38:39","guid":{"rendered":"https:\/\/mastercom.es\/producto\/azdelivery-3-x-rele-modulo-de-16-canales-5v-con-optoacoplador-low-level-trigger-compatible-con-arduino-con-e-book-incluido\/"},"modified":"2020-09-01T11:38:39","modified_gmt":"2020-09-01T11:38:39","slug":"azdelivery-3-x-rele-modulo-de-16-canales-5v-con-optoacoplador-low-level-trigger-compatible-con-arduino-con-e-book-incluido","status":"publish","type":"product","link":"https:\/\/fullquality.es\/index.php\/product\/azdelivery-3-x-rele-modulo-de-16-canales-5v-con-optoacoplador-low-level-trigger-compatible-con-arduino-con-e-book-incluido\/","title":{"rendered":"AZDelivery 3 pcs 16 Canales Modulo Rele 12V con Optoacoplador Low-Level-Trigger compatible con Arduino con E-Book\u2026"},"content":{"rendered":"<p><br \/>\n\u2714\ufe0f \u00a1Obtenga tres Rel\u00e9s Modulo de 16 Canales 5V con optoacoplador Low-Level-Trigger a un precio especial de descuento por cantidad!<br \/>\n\u2714\ufe0f Esta placa compatible con microcontroladores de 16 rel\u00e9s m\u00e1ximo 250V AC \/ 10A o 30V DC \/ 10A es perfecta para todos los proyectos DIY diferentes y 100% compatible con Arduino y otros microcontroladores. Este m\u00f3dulo de rele de 16 canales de 5V con optoacopladores es ideal para controlar hasta 16 dispositivos con corrientes m\u00e1s altas.<br \/>\n\u2714\ufe0f Los optoacopladores se utilizan para transmitir las se\u00f1ales entre dos circuitos galv\u00e1nicamente separados. Como por ejemplo, su Arduino y su dispositivo conectado con corriente m\u00e1s alta. Adem\u00e1s, cuenta con un indicador LED conectado al m\u00f3dulo para indicar el estado de la salida del rel\u00e9.<br \/>\n\u2714\ufe0f El m\u00f3dulo de 16 canales est\u00e1 equipado con un rel\u00e9 de alta corriente de interfaz est\u00e1ndar 250VAC\/10A; 30VDC\/10A, lo que puede ser controlado directamente por el microcontrolador.<br \/>\n\u2714\ufe0f \u00a1Usted recibir\u00e1 una factura con IVA incluido seg\u00fan las normas espa\u00f1olas, as\u00ed como productos de alta calidad y entrega r\u00e1pida desde Espa\u00f1a por la compra de \u2b50 \u2b50 \u2b50 \u2b50 \u2b50 AZDelivery! Con el eBook \ud83d\udcd6 incluido de AZDelivery, usted puede comenzar su proyecto sin tener que dedicar mucho tiempo a configurar el producto.<br \/>\n[amz_corss_sell asin=&#8221;B07TZ16GMF&#8221;]<\/p>\n","protected":false},"excerpt":{"rendered":"<p>\u2714\ufe0f \u00a1Obtenga tres Rel\u00e9s Modulo de 16 Canales 5V con optoacoplador Low-Level-Trigger a un precio especial de descuento por cantidad!<br \/>\n\u2714\ufe0f Esta placa compatible con microcontroladores de 16 rel\u00e9s m\u00e1ximo 250V AC \/ 10A o 30V DC \/ 10A es perfecta para todos los proyectos DIY diferentes y 100% compatible con Arduino y otros microcontroladores. Este m\u00f3dulo de rele de 16 canales de 5V con optoacopladores es ideal para controlar hasta 16 dispositivos con corrientes m\u00e1s altas.<br \/>\n\u2714\ufe0f Los optoacopladores se utilizan para transmitir las se\u00f1ales entre dos circuitos galv\u00e1nicamente separados. Como por ejemplo, su Arduino y su dispositivo conectado con corriente m\u00e1s alta. Adem\u00e1s, cuenta con un indicador LED conectado al m\u00f3dulo para indicar el estado de la salida del rel\u00e9.<\/p>\n","protected":false},"featured_media":569,"comment_status":"open","ping_status":"closed","template":"","meta":{"_et_pb_use_builder":"","_et_pb_old_content":"","_et_gb_content_width":""},"product_brand":[],"product_cat":[77,172,186,188,157],"product_tag":[],"class_list":{"0":"post-568","1":"product","2":"type-product","3":"status-publish","4":"has-post-thumbnail","6":"product_cat-bricolaje-y-herramientas","7":"product_cat-climatizacion","8":"product_cat-partes-y-accesorios-para-caldera","9":"product_cat-reles","10":"product_cat-suministros-de-construccion","12":"first","13":"instock","14":"shipping-taxable","15":"product-type-external"},"_links":{"self":[{"href":"https:\/\/fullquality.es\/index.php\/wp-json\/wp\/v2\/product\/568","targetHints":{"allow":["GET"]}}],"collection":[{"href":"https:\/\/fullquality.es\/index.php\/wp-json\/wp\/v2\/product"}],"about":[{"href":"https:\/\/fullquality.es\/index.php\/wp-json\/wp\/v2\/types\/product"}],"replies":[{"embeddable":true,"href":"https:\/\/fullquality.es\/index.php\/wp-json\/wp\/v2\/comments?post=568"}],"wp:featuredmedia":[{"embeddable":true,"href":"https:\/\/fullquality.es\/index.php\/wp-json\/"}],"wp:attachment":[{"href":"https:\/\/fullquality.es\/index.php\/wp-json\/wp\/v2\/media?parent=568"}],"wp:term":[{"taxonomy":"product_brand","embeddable":true,"href":"https:\/\/fullquality.es\/index.php\/wp-json\/wp\/v2\/product_brand?post=568"},{"taxonomy":"product_cat","embeddable":true,"href":"https:\/\/fullquality.es\/index.php\/wp-json\/wp\/v2\/product_cat?post=568"},{"taxonomy":"product_tag","embeddable":true,"href":"https:\/\/fullquality.es\/index.php\/wp-json\/wp\/v2\/product_tag?post=568"}],"curies":[{"name":"wp","href":"https:\/\/api.w.org\/{rel}","templated":true}]}}