{"id":561,"date":"2020-09-01T11:37:33","date_gmt":"2020-09-01T11:37:33","guid":{"rendered":"https:\/\/mastercom.es\/producto\/kaiweets-ht118a-multimetro-digital-profesional-polimetro-autorango-con-valor-real-6000-cuentas-para-medir-ca-cc-corriente-y-tension-ncv-capacitancia-continuidad-resistencia-bateria-diodo-live\/"},"modified":"2020-09-01T11:37:33","modified_gmt":"2020-09-01T11:37:33","slug":"kaiweets-ht118a-multimetro-digital-profesional-polimetro-autorango-con-valor-real-6000-cuentas-para-medir-ca-cc-corriente-y-tension-ncv-capacitancia-continuidad-resistencia-bateria-diodo-live","status":"publish","type":"product","link":"https:\/\/fullquality.es\/index.php\/product\/kaiweets-ht118a-multimetro-digital-profesional-polimetro-autorango-con-valor-real-6000-cuentas-para-medir-ca-cc-corriente-y-tension-ncv-capacitancia-continuidad-resistencia-bateria-diodo-live\/","title":{"rendered":"KAIWEETS HT118A Multimetro Digital Profesional, Polimetro Autorango con Valor Real 6000 Cuentas para Medir CA\/CC\u2026"},"content":{"rendered":"<p><br \/>\nM\u00daLTIPLES PROTECCIONES: Nivel de seguridad certificado por RoHS, CE, y tiene IEC de CAT III 1000V, CAT IV 600V. Equipados con doble fusibles cer\u00e1micos de la funci\u00f3n de Anti-Quema, y el termistor de protecci\u00f3n de circuito. La protecci\u00f3n de alta tensi\u00f3n est\u00e1 activa en todos los rangos. Doble aislamiento: Cuerpo de aislamiento y Funda protectora de silicona que protecer el instrumento de da\u00f1os por ca\u00edda ni de descarga el\u00e9ctrica.<br \/>\nALTA PRECISI\u00d3N Y MULTIFUNCI\u00d3N: Tiene funci\u00f3n de T-RMS (valor real) y Rango Autom\u00e1tico de 6000 cuentas a realizar medici\u00f3n con alta precisi\u00f3n. Puede medir con alta precisi\u00f3n tensi\u00f3n de CA\/CC, corriente de CA\/CC (CC es el valor predeterminado), resistencia, continuidad, frecuencia, capacitancia y diodo, temperatura, comprobaci\u00f3n de bater\u00eda, funci\u00f3n de NCV para detectar la fase y neutro, la funci\u00f3n de LIVE.<br \/>\nF\u00c1CIL OPERACI\u00d3N: Tiene la funci\u00f3n de autorango, solo gire selector de funci\u00f3n a la posici\u00f3n de funci\u00f3n cual quieres medir, entonces las luces LED de las teminales brillar\u00e1n en consecuencia con la funci\u00f3n, puede conectar los cables de prueba sug\u00fan LED indicador. dota 2.9 &#8221; LCD pantalla grande retroiluminada. Tiene linterna en la parte posterior garantiza un uso f\u00e1cil en lugares con oscura. Est\u00e1 equipado un soporte estable y la ranura para bol\u00edgrafo en la parte posterior.<br \/>\nAPLICACIONES AMPLIAS: tiene NCV (detector de voltaje sin contacto) y funci\u00f3n LIVE(detectar la fase) con alarma de sonido y luz. La pantalla se pone rojo mientras detecte cable de la fase. Indicador de energ\u00eda baja, la funci\u00f3n de retenci\u00f3n de datos, valor m\u00e1ximo\/m\u00ednimo, apagado autom\u00e1tico. Este mult\u00edmetro digital avanzado puede diagnosticar problemas el\u00e9ctricos automotrices, industriales y dom\u00e9sticos.<br \/>\nContenidos de Paquete: 1X Mult\u00edmetro HT118A + 2X Pilas AA +1X Cable de prueba + 1X termopar+ Manual del usuario. No dude en contactarnos si tiene alguna duda.<br \/>\n[amz_corss_sell asin=&#8221;B07SHLS639&#8243;]<\/p>\n","protected":false},"excerpt":{"rendered":"<p>M\u00daLTIPLES PROTECCIONES: Nivel de seguridad certificado por RoHS, CE, y tiene IEC de CAT III 1000V, CAT IV 600V. Equipados con doble fusibles cer\u00e1micos de la funci\u00f3n de Anti-Quema, y el termistor de protecci\u00f3n de circuito. La protecci\u00f3n de alta tensi\u00f3n est\u00e1 activa en todos los rangos. Doble aislamiento: Cuerpo de aislamiento y Funda protectora de silicona que protecer el instrumento de da\u00f1os por ca\u00edda ni de descarga el\u00e9ctrica.<br \/>\nALTA PRECISI\u00d3N Y MULTIFUNCI\u00d3N: Tiene funci\u00f3n de T-RMS (valor real) y Rango Autom\u00e1tico de 6000 cuentas a realizar medici\u00f3n con alta precisi\u00f3n. Puede medir con alta precisi\u00f3n tensi\u00f3n de CA\/CC, corriente de CA\/CC (CC es el valor predeterminado), resistencia, continuidad, frecuencia, capacitancia y diodo, temperatura, comprobaci\u00f3n de bater\u00eda, funci\u00f3n de NCV para detectar la fase y neutro, la funci\u00f3n de LIVE.<br \/>\nF\u00c1CIL OPERACI\u00d3N: Tiene la funci\u00f3n de autorango, solo gire selector de funci\u00f3n a la posici\u00f3n de funci\u00f3n cual quieres medir, entonces las luces LED de las teminales brillar\u00e1n en consecuencia con la funci\u00f3n, puede conectar los cables de prueba sug\u00fan LED indicador. dota 2.9 &#8221; LCD pantalla grande retroiluminada. Tiene linterna en la parte posterior garantiza un uso f\u00e1cil en lugares con oscura. Est\u00e1 equipado un soporte estable y la ranura para bol\u00edgrafo en la parte posterior.<\/p>\n","protected":false},"featured_media":562,"comment_status":"open","ping_status":"closed","template":"","meta":{"_et_pb_use_builder":"","_et_pb_old_content":"","_et_gb_content_width":""},"product_brand":[],"product_cat":[77,181,103,185],"product_tag":[],"class_list":{"0":"post-561","1":"product","2":"type-product","3":"status-publish","4":"has-post-thumbnail","6":"product_cat-bricolaje-y-herramientas","7":"product_cat-herramientas-y-controladores","8":"product_cat-instalacion-electrica","9":"product_cat-multimetros","11":"first","12":"instock","13":"shipping-taxable","14":"product-type-external"},"_links":{"self":[{"href":"https:\/\/fullquality.es\/index.php\/wp-json\/wp\/v2\/product\/561","targetHints":{"allow":["GET"]}}],"collection":[{"href":"https:\/\/fullquality.es\/index.php\/wp-json\/wp\/v2\/product"}],"about":[{"href":"https:\/\/fullquality.es\/index.php\/wp-json\/wp\/v2\/types\/product"}],"replies":[{"embeddable":true,"href":"https:\/\/fullquality.es\/index.php\/wp-json\/wp\/v2\/comments?post=561"}],"wp:featuredmedia":[{"embeddable":true,"href":"https:\/\/fullquality.es\/index.php\/wp-json\/"}],"wp:attachment":[{"href":"https:\/\/fullquality.es\/index.php\/wp-json\/wp\/v2\/media?parent=561"}],"wp:term":[{"taxonomy":"product_brand","embeddable":true,"href":"https:\/\/fullquality.es\/index.php\/wp-json\/wp\/v2\/product_brand?post=561"},{"taxonomy":"product_cat","embeddable":true,"href":"https:\/\/fullquality.es\/index.php\/wp-json\/wp\/v2\/product_cat?post=561"},{"taxonomy":"product_tag","embeddable":true,"href":"https:\/\/fullquality.es\/index.php\/wp-json\/wp\/v2\/product_tag?post=561"}],"curies":[{"name":"wp","href":"https:\/\/api.w.org\/{rel}","templated":true}]}}