{"id":553,"date":"2020-09-01T11:37:19","date_gmt":"2020-09-01T11:37:19","guid":{"rendered":"https:\/\/mastercom.es\/producto\/ultrics-multimetro-digital-profesional-voltimetro-amperimetro-ohmimetro-probador-voltaje-continuidad-medidor-corriente-mini-multimetro-portatil-con-pantalla-lcd-para-medir-ohm-ac-dc-resistencia\/"},"modified":"2020-09-01T11:37:19","modified_gmt":"2020-09-01T11:37:19","slug":"ultrics-multimetro-digital-profesional-voltimetro-amperimetro-ohmimetro-probador-voltaje-continuidad-medidor-corriente-mini-multimetro-portatil-con-pantalla-lcd-para-medir-ohm-ac-dc-resistencia","status":"publish","type":"product","link":"https:\/\/fullquality.es\/index.php\/product\/ultrics-multimetro-digital-profesional-voltimetro-amperimetro-ohmimetro-probador-voltaje-continuidad-medidor-corriente-mini-multimetro-portatil-con-pantalla-lcd-para-medir-ohm-ac-dc-resistencia\/","title":{"rendered":"ULTRICS Multimetro Digital Profesional, Volt\u00edmetro Amper\u00edmetro Ohm\u00edmetro Probador Voltaje Continuidad, Medidor Corriente\u2026"},"content":{"rendered":"<p><br \/>\n\u3010DISPOSITIVO DE MEDICION DIGITAL\u3011 Mult\u00edmetro digital compacto funciona como amperimetro, ohmimetro, voltimetro, medir continuidad, voltaje AC\/ DC, amperio, diodo, bater\u00eda, transistor hFE, resistencia<br \/>\n\u3010RENDIMIENTO CONFIABLE\u3011 Este multi tester listo usar contiene bater\u00eda 9V y cables prueba, indicador bajo voltaje de bater\u00eda y protecci\u00f3n contra sobrecarga. Doble aislamiento para buen \u00e1ngulo vision<br \/>\n\u3010PANTALLA LCD\u3011 Hace que lector tester digital claramente visible desde diferentes \u00e1ngulos. Lea valor pantalla en lugares con poca luz y en \u00e1reas oscuros. Funci\u00f3n de retenci\u00f3n datos facilita medici\u00f3n<br \/>\n\u3010HERRAMIENTA DE PRUEBA MULTIUSOS\u3011 General electric multimetro digital, \u00fatil para educaci\u00f3n, laboratorio, taller, f\u00e1brica. Recomendado por ingenieros\/ profesionales. Multi tester seguro y port\u00e1til<br \/>\n\u3010DURADERO Y SEGURO A UTILIZAR\u3011 Gruesa funda de goma extra\u00edble protege esta multimetro digital profesional contra golpes menores. Viene con 12 meses garant\u00eda y atenci\u00f3n al cliente de clase mundial<br \/>\n[amz_corss_sell asin=&#8221;B00TM0W8ZY&#8221;]<\/p>\n","protected":false},"excerpt":{"rendered":"<p>\u3010DISPOSITIVO DE MEDICION DIGITAL\u3011 Mult\u00edmetro digital compacto funciona como amperimetro, ohmimetro, voltimetro, medir continuidad, voltaje AC\/ DC, amperio, diodo, bater\u00eda, transistor hFE, resistencia<br \/>\n\u3010RENDIMIENTO CONFIABLE\u3011 Este multi tester listo usar contiene bater\u00eda 9V y cables prueba, indicador bajo voltaje de bater\u00eda y protecci\u00f3n contra sobrecarga. Doble aislamiento para buen \u00e1ngulo vision<br \/>\n\u3010PANTALLA LCD\u3011 Hace que lector tester digital claramente visible desde diferentes \u00e1ngulos. Lea valor pantalla en lugares con poca luz y en \u00e1reas oscuros. Funci\u00f3n de retenci\u00f3n datos facilita medici\u00f3n<\/p>\n","protected":false},"featured_media":554,"comment_status":"open","ping_status":"closed","template":"","meta":{"_et_pb_use_builder":"","_et_pb_old_content":"","_et_gb_content_width":""},"product_brand":[],"product_cat":[77,181,103,185],"product_tag":[],"class_list":{"0":"post-553","1":"product","2":"type-product","3":"status-publish","4":"has-post-thumbnail","6":"product_cat-bricolaje-y-herramientas","7":"product_cat-herramientas-y-controladores","8":"product_cat-instalacion-electrica","9":"product_cat-multimetros","11":"first","12":"instock","13":"shipping-taxable","14":"product-type-external"},"_links":{"self":[{"href":"https:\/\/fullquality.es\/index.php\/wp-json\/wp\/v2\/product\/553","targetHints":{"allow":["GET"]}}],"collection":[{"href":"https:\/\/fullquality.es\/index.php\/wp-json\/wp\/v2\/product"}],"about":[{"href":"https:\/\/fullquality.es\/index.php\/wp-json\/wp\/v2\/types\/product"}],"replies":[{"embeddable":true,"href":"https:\/\/fullquality.es\/index.php\/wp-json\/wp\/v2\/comments?post=553"}],"wp:featuredmedia":[{"embeddable":true,"href":"https:\/\/fullquality.es\/index.php\/wp-json\/"}],"wp:attachment":[{"href":"https:\/\/fullquality.es\/index.php\/wp-json\/wp\/v2\/media?parent=553"}],"wp:term":[{"taxonomy":"product_brand","embeddable":true,"href":"https:\/\/fullquality.es\/index.php\/wp-json\/wp\/v2\/product_brand?post=553"},{"taxonomy":"product_cat","embeddable":true,"href":"https:\/\/fullquality.es\/index.php\/wp-json\/wp\/v2\/product_cat?post=553"},{"taxonomy":"product_tag","embeddable":true,"href":"https:\/\/fullquality.es\/index.php\/wp-json\/wp\/v2\/product_tag?post=553"}],"curies":[{"name":"wp","href":"https:\/\/api.w.org\/{rel}","templated":true}]}}