{"id":497,"date":"2020-09-01T11:32:50","date_gmt":"2020-09-01T11:32:50","guid":{"rendered":"https:\/\/mastercom.es\/producto\/azdelivery-esp32-esp-wroom-32-nodemcu-modulo-wifi-bluetooth-dev-kit-c-placa-de-desarrollo-2-4-ghz-dual-core-con-chip-cp2102-modelo-sucesor-del-esp8266-con-e-book-incluido\/"},"modified":"2020-09-01T11:32:50","modified_gmt":"2020-09-01T11:32:50","slug":"azdelivery-esp32-esp-wroom-32-nodemcu-modulo-wifi-bluetooth-dev-kit-c-placa-de-desarrollo-2-4-ghz-dual-core-con-chip-cp2102-modelo-sucesor-del-esp8266-con-e-book-incluido","status":"publish","type":"product","link":"https:\/\/fullquality.es\/index.php\/product\/azdelivery-esp32-esp-wroom-32-nodemcu-modulo-wifi-bluetooth-dev-kit-c-placa-de-desarrollo-2-4-ghz-dual-core-con-chip-cp2102-modelo-sucesor-del-esp8266-con-e-book-incluido\/","title":{"rendered":"AZDelivery ESP32 ESP-WROOM-32 NodeMCU Modulo Wifi + Bluetooth Dev Kit C Placa de Desarrollo 2.4 GHz Dual Core con Chip\u2026"},"content":{"rendered":"\n<div class=\"disclaim\">N\u00famero de unidades:<strong>1<\/strong><\/div>\n<p><!-- show up to 2 reviews by default --><\/p>\n<p><b>\u2b50\u2b50\u2b50\u2b50\u2b50 AZDelivery ESP32 ESP-WROOM-32 NodeMCU Modulo Wifi + Bluetooth Dev Kit C Placa de Desarrollo 2.4 GHz Dual Core con Chip CP2102 (modelo sucesor del ESP8266)<\/b><\/p>\n<p>Este <b>Dev Kit C<\/b> fue dise\u00f1ado por Espressif para facilitar la programaci\u00f3n del nuevo procesador ESP32 Dual-Core.<br \/>Con una gran cantidad de nuevos sensores y funciones, esta placa simboliza el siguiente paso en el desarrollo de la IoT.<br \/>El <b>ESP32<\/b> est\u00e1 altamente integrado con: <b>interruptores de antena incorporados, balun de RF, amplificador de potencia, amplificador de recepci\u00f3n de bajo ruido, filtros y m\u00f3dulos de gesti\u00f3n de potencia.<\/b><br \/>Al igual que en el modelo anterior ESP8266, la <b>funcionalidad WLAN<\/b> se implementa directamente en el SoC, pero con la <b>funci\u00f3n adicional Bluetooth (incl. BLE).<\/b><\/p>\n<p>El <b>procesador ESP32<\/b> combina <b>en un solo chip microcontrolador:<\/b> una <b>CPU con 2 n\u00facleos Tensilica LX6, cronometrados hasta 240 MHz, y 512 kilobyte SRAM.<\/b><br \/>Para ello integra una unidad de <b>radio para WLAN (seg\u00fan 802.11bgn) y Bluetooth (Classic y LE).<\/b><br \/>La <b>funci\u00f3n WLAN<\/b> es <b>compatible con todos los m\u00e9todos de cifrado habituales, como WPA2.<\/b><br \/>Tambi\u00e9n puede actuar como <b>punto de acceso o sniffer en modo pasivo en WLAN.<\/b><br \/>Entre los m\u00e1s de 32 pines se encuentran UART, I2C, SPI, DAC, ADC (12 bits), y todos los pines GPIO pueden ser usados como entrada o salida.<\/p>\n<p><b>\u00a1Bienvenido a la familia AZDelivery!<\/b> Aqu\u00ed encontrar\u00e1 productos de alta calidad para sus proyectos con Arduino y Raspberry Pi.<br \/> Nos complace ofrecerle una serie de ejemplos de aplicaci\u00f3n, gu\u00edas completas de instalaci\u00f3n, E-Books, bibliotecas y asistencia personalizada.<br \/><b>AZDelivery: \u00a1Su Experto en Microelectr\u00f3nica!<\/b><\/p>\n<p><b><\/b><\/p>\n<p><b><\/b><br \/>\n\u2b50\ufe0f Novedad en el mercado: AZ-Delivery M\u00f3dulo Placa de Desarrollo ESP32 NodeMcu WiFi CP2102 tiene el potente Microcontrolador ESP32 instalado.<br \/>\n\u2b50 Prototipos R\u00e1pidos: Esta placa de desarrollo ESP32 permite la din\u00e1mica creaci\u00f3n de prototipos con una sencilla programaci\u00f3n a trav\u00e9s de un script Lua o en la construcci\u00f3n compatible con Arduino IDE y Breadboard. Integra funciones Wi-Fi y Bluetooth.<br \/>\n\u2b50 Consumo ultra bajo de energ\u00eda: Cuenta con chips Bluetooth Wi-Fi de modo dual de 2,4 GHz y TSMC, as\u00ed como tecnolog\u00eda de bajo consumo de 40 nm.<br \/>\n\u2b50 M\u00e1s funciones + M\u00e1s Conveniente: El m\u00f3dulo tiene 38 pines y ofrece m\u00e1s funciones que un m\u00f3dulo de 30 pines. Es m\u00e1s peque\u00f1o y m\u00e1s conveniente de usar.<br \/>\n\u2b50\ufe0f \u00a1Bienvenido a la familia AZDelivery! Aqu\u00ed encontrar\u00e1 productos de alta calidad para sus proyectos con Arduino y Raspberry Pi. Nos complace ofrecerle una serie de ejemplos de aplicaci\u00f3n, gu\u00edas completas de instalaci\u00f3n, E-Books, bibliotecas y asistencia personalizada. \u00a1AZDelivery: Su Experto en Microelectr\u00f3nica!<br \/>\n[amz_corss_sell asin=&#8221;B0821JM6J7&#8243;]<\/p>\n","protected":false},"excerpt":{"rendered":"<p>\u2b50\ufe0f Novedad en el mercado: AZ-Delivery M\u00f3dulo Placa de Desarrollo ESP32 NodeMcu WiFi CP2102 tiene el potente Microcontrolador ESP32 instalado.<br \/>\n\u2b50 Prototipos R\u00e1pidos: Esta placa de desarrollo ESP32 permite la din\u00e1mica creaci\u00f3n de prototipos con una sencilla programaci\u00f3n a trav\u00e9s de un script Lua o en la construcci\u00f3n compatible con Arduino IDE y Breadboard. Integra funciones Wi-Fi y Bluetooth.<br \/>\n\u2b50 Consumo ultra bajo de energ\u00eda: Cuenta con chips Bluetooth Wi-Fi de modo dual de 2,4 GHz y TSMC, as\u00ed como tecnolog\u00eda de bajo consumo de 40 nm.<\/p>\n","protected":false},"featured_media":501,"comment_status":"open","ping_status":"closed","template":"","meta":{"_et_pb_use_builder":"","_et_pb_old_content":"","_et_gb_content_width":""},"product_brand":[],"product_cat":[173,176,102,187],"product_tag":[],"class_list":{"0":"post-497","1":"product","2":"type-product","3":"status-publish","4":"has-post-thumbnail","6":"product_cat-componentes","7":"product_cat-dispositivos-internos","8":"product_cat-informatica","9":"product_cat-placas-base","11":"first","12":"instock","13":"shipping-taxable","14":"product-type-external"},"_links":{"self":[{"href":"https:\/\/fullquality.es\/index.php\/wp-json\/wp\/v2\/product\/497","targetHints":{"allow":["GET"]}}],"collection":[{"href":"https:\/\/fullquality.es\/index.php\/wp-json\/wp\/v2\/product"}],"about":[{"href":"https:\/\/fullquality.es\/index.php\/wp-json\/wp\/v2\/types\/product"}],"replies":[{"embeddable":true,"href":"https:\/\/fullquality.es\/index.php\/wp-json\/wp\/v2\/comments?post=497"}],"wp:featuredmedia":[{"embeddable":true,"href":"https:\/\/fullquality.es\/index.php\/wp-json\/"}],"wp:attachment":[{"href":"https:\/\/fullquality.es\/index.php\/wp-json\/wp\/v2\/media?parent=497"}],"wp:term":[{"taxonomy":"product_brand","embeddable":true,"href":"https:\/\/fullquality.es\/index.php\/wp-json\/wp\/v2\/product_brand?post=497"},{"taxonomy":"product_cat","embeddable":true,"href":"https:\/\/fullquality.es\/index.php\/wp-json\/wp\/v2\/product_cat?post=497"},{"taxonomy":"product_tag","embeddable":true,"href":"https:\/\/fullquality.es\/index.php\/wp-json\/wp\/v2\/product_tag?post=497"}],"curies":[{"name":"wp","href":"https:\/\/api.w.org\/{rel}","templated":true}]}}