{"id":473,"date":"2020-06-13T13:03:05","date_gmt":"2020-06-13T13:03:05","guid":{"rendered":"https:\/\/mastercom.es\/producto\/raspberry-pi-spain-ras-4-4g-placa-base-pi-4-modelo-b-4-gb-sdram-1822096\/"},"modified":"2020-06-13T13:03:05","modified_gmt":"2020-06-13T13:03:05","slug":"raspberry-pi-spain-ras-4-4g-placa-base-pi-4-modelo-b-4-gb-sdram-1822096","status":"publish","type":"product","link":"https:\/\/fullquality.es\/index.php\/product\/raspberry-pi-spain-ras-4-4g-placa-base-pi-4-modelo-b-4-gb-sdram-1822096\/","title":{"rendered":"Raspberry Pi Spain RAS-4-4G &#8211; Placa Base Pi 4 Modelo B \/ 4 GB SDRAM (1822096)"},"content":{"rendered":"\n<div class=\"disclaim\">Color:<strong>Raspberry Pi<\/strong><\/div>\n<p><!-- show up to 2 reviews by default --><\/p>\n<p>Marca del producto es Raspberry Pi Spain. Raspberry placa base pi 4 modelo b. Producto de alta calidad.<\/p>\n<p>Haz clic aqu\u00ed para comprobar si este producto es compatible con tu modelo<br \/>\nDise\u00f1o moderno<br \/>\nLa Raspberry Pi sin ventilador y de bajo consumo de energ\u00eda funciona silenciosamente y usa mucha menos energ\u00eda que otras computadoras<br \/>\nSu nuevo Raspberry Pi 4 ha mejorado la capacidad de USB: junto con dos puertos USB 2 encontrar\u00e1 dos puertos USB 3, que pueden transferir datos mucho m\u00e1s r\u00e1pido<br \/>\nRaspberry Pi 4 viene con Gigabit Ethernet, junto con redes inal\u00e1mbricas integradas y Bluetooth<br \/>\n[amz_corss_sell asin=&#8221;B088DJSJC4&#8243;]<\/p>\n","protected":false},"excerpt":{"rendered":"<p>Haz clic aqu\u00ed para comprobar si este producto es compatible con tu modelo<br \/>\nDise\u00f1o moderno<br \/>\nLa Raspberry Pi sin ventilador y de bajo consumo de energ\u00eda funciona silenciosamente y usa mucha menos energ\u00eda que otras computadoras<\/p>\n","protected":false},"featured_media":476,"comment_status":"open","ping_status":"closed","template":"","meta":{"_et_pb_use_builder":"","_et_pb_old_content":"","_et_gb_content_width":""},"product_brand":[],"product_cat":[173,176,102,187],"product_tag":[],"class_list":{"0":"post-473","1":"product","2":"type-product","3":"status-publish","4":"has-post-thumbnail","6":"product_cat-componentes","7":"product_cat-dispositivos-internos","8":"product_cat-informatica","9":"product_cat-placas-base","11":"first","12":"instock","13":"shipping-taxable","14":"product-type-external"},"_links":{"self":[{"href":"https:\/\/fullquality.es\/index.php\/wp-json\/wp\/v2\/product\/473","targetHints":{"allow":["GET"]}}],"collection":[{"href":"https:\/\/fullquality.es\/index.php\/wp-json\/wp\/v2\/product"}],"about":[{"href":"https:\/\/fullquality.es\/index.php\/wp-json\/wp\/v2\/types\/product"}],"replies":[{"embeddable":true,"href":"https:\/\/fullquality.es\/index.php\/wp-json\/wp\/v2\/comments?post=473"}],"wp:featuredmedia":[{"embeddable":true,"href":"https:\/\/fullquality.es\/index.php\/wp-json\/"}],"wp:attachment":[{"href":"https:\/\/fullquality.es\/index.php\/wp-json\/wp\/v2\/media?parent=473"}],"wp:term":[{"taxonomy":"product_brand","embeddable":true,"href":"https:\/\/fullquality.es\/index.php\/wp-json\/wp\/v2\/product_brand?post=473"},{"taxonomy":"product_cat","embeddable":true,"href":"https:\/\/fullquality.es\/index.php\/wp-json\/wp\/v2\/product_cat?post=473"},{"taxonomy":"product_tag","embeddable":true,"href":"https:\/\/fullquality.es\/index.php\/wp-json\/wp\/v2\/product_tag?post=473"}],"curies":[{"name":"wp","href":"https:\/\/api.w.org\/{rel}","templated":true}]}}