{"id":461,"date":"2020-06-13T13:01:20","date_gmt":"2020-06-13T13:01:20","guid":{"rendered":"https:\/\/mastercom.es\/producto\/labists-raspberry-pi-4-model-b-kit-de-2-gb-con-sd-de-32gb-clase-10-ventilador-3-disipadores-de-calor-micro-hdmi-lector-de-tarjetas-caja-negra-y-destornillador\/"},"modified":"2020-06-13T13:01:20","modified_gmt":"2020-06-13T13:01:20","slug":"labists-raspberry-pi-4-model-b-kit-de-2-gb-con-sd-de-32gb-clase-10-ventilador-3-disipadores-de-calor-micro-hdmi-lector-de-tarjetas-caja-negra-y-destornillador","status":"publish","type":"product","link":"https:\/\/fullquality.es\/index.php\/product\/labists-raspberry-pi-4-model-b-kit-de-2-gb-con-sd-de-32gb-clase-10-ventilador-3-disipadores-de-calor-micro-hdmi-lector-de-tarjetas-caja-negra-y-destornillador\/","title":{"rendered":"LABISTS Raspberry Pi 4 4 GB Kit Incluido Tarjeta SD de 64GB Precargada con Raspberry Pi OS, 5.1V 3A Tipo C con On\/Off\u2026"},"content":{"rendered":"<p><br \/>\nHaz clic aqu\u00ed para comprobar si este producto es compatible con tu modelo<br \/>\nRaspberry Pi 4 Model B de 2 GB, el modelo B de cuatro n\u00facleos de la Pi 4 B es m\u00e1s r\u00e1pido y potente que su predecesor, el modelo B de Raspberry Pi 3. Para aquellos interesados en los puntos de referencia, la CPU de la Pi 4, el procesador principal de la placa, ofrece de dos a tres veces el rendimiento del procesador de la Pi 3<br \/>\nA diferencia de su predecesora, la nueva placa es capaz de reproducir v\u00eddeo de 4K a 60 fotogramas por segundo, lo que mejora las credenciales del centro multimedia de Raspberry. La Raspberry Pi 4 modelo B tambi\u00e9n soporta internet inal\u00e1mbrico desde el primer momento, con Wi-Fi y Bluetooth incorporados. Sin embargo, estos son s\u00f3lo los sistemas operativos recomendados oficialmente, y una gran variedad de otros sistemas operativos tambi\u00e9n funcionan en la Pi<br \/>\nLa Raspberry Pi 4 modelo B tambi\u00e9n soporta internet inal\u00e1mbrico desde el primer momento, con Wi-Fi y Bluetooth incorporados. Sin embargo, estos son s\u00f3lo los sistemas operativos recomendados oficialmente, y una gran variedad de otros sistemas operativos tambi\u00e9n funcionan en la Pi<br \/>\nLa tarjeta SanDisk 32GB Class 10 MicroSD precargada con NOOBS es f\u00e1cil de comenzar con Raspbian para Raspberry Pi 4B o desecargar otros sistemas seg\u00fan sea necesario. Equipado con lector de tarjetas compatible con USB-A y USB-C, f\u00e1cil de conectar la microSD a la computadora<br \/>\nPaquete Incluido: Raspberry pi 4 con 2GB barebones x1, SanDisk MicroSD 32GB x1, 5.1V 3A Tipo C con interruptor de on \/ off x1, Micro HDMI x1, Ventilador x1, Disipadores de calor x3, Lector de tarjetas x1, Caja x1, Destornillador x1, Manual en espa\u00f1ol x1<br \/>\n[amz_corss_sell asin=&#8221;B081JK9KGD&#8221;]<\/p>\n","protected":false},"excerpt":{"rendered":"<p>Haz clic aqu\u00ed para comprobar si este producto es compatible con tu modelo<br \/>\nRaspberry Pi 4 Model B de 2 GB, el modelo B de cuatro n\u00facleos de la Pi 4 B es m\u00e1s r\u00e1pido y potente que su predecesor, el modelo B de Raspberry Pi 3. Para aquellos interesados en los puntos de referencia, la CPU de la Pi 4, el procesador principal de la placa, ofrece de dos a tres veces el rendimiento del procesador de la Pi 3<br \/>\nA diferencia de su predecesora, la nueva placa es capaz de reproducir v\u00eddeo de 4K a 60 fotogramas por segundo, lo que mejora las credenciales del centro multimedia de Raspberry. La Raspberry Pi 4 modelo B tambi\u00e9n soporta internet inal\u00e1mbrico desde el primer momento, con Wi-Fi y Bluetooth incorporados. Sin embargo, estos son s\u00f3lo los sistemas operativos recomendados oficialmente, y una gran variedad de otros sistemas operativos tambi\u00e9n funcionan en la Pi<\/p>\n","protected":false},"featured_media":464,"comment_status":"open","ping_status":"closed","template":"","meta":{"_et_pb_use_builder":"","_et_pb_old_content":"","_et_gb_content_width":""},"product_brand":[],"product_cat":[193,173,175,102],"product_tag":[],"class_list":{"0":"post-461","1":"product","2":"type-product","3":"status-publish","4":"has-post-thumbnail","6":"product_cat-cajas-de-ordenador-de-sobremesa","7":"product_cat-componentes","8":"product_cat-dispositivos-externos","9":"product_cat-informatica","11":"first","12":"instock","13":"shipping-taxable","14":"product-type-external"},"_links":{"self":[{"href":"https:\/\/fullquality.es\/index.php\/wp-json\/wp\/v2\/product\/461","targetHints":{"allow":["GET"]}}],"collection":[{"href":"https:\/\/fullquality.es\/index.php\/wp-json\/wp\/v2\/product"}],"about":[{"href":"https:\/\/fullquality.es\/index.php\/wp-json\/wp\/v2\/types\/product"}],"replies":[{"embeddable":true,"href":"https:\/\/fullquality.es\/index.php\/wp-json\/wp\/v2\/comments?post=461"}],"wp:featuredmedia":[{"embeddable":true,"href":"https:\/\/fullquality.es\/index.php\/wp-json\/"}],"wp:attachment":[{"href":"https:\/\/fullquality.es\/index.php\/wp-json\/wp\/v2\/media?parent=461"}],"wp:term":[{"taxonomy":"product_brand","embeddable":true,"href":"https:\/\/fullquality.es\/index.php\/wp-json\/wp\/v2\/product_brand?post=461"},{"taxonomy":"product_cat","embeddable":true,"href":"https:\/\/fullquality.es\/index.php\/wp-json\/wp\/v2\/product_cat?post=461"},{"taxonomy":"product_tag","embeddable":true,"href":"https:\/\/fullquality.es\/index.php\/wp-json\/wp\/v2\/product_tag?post=461"}],"curies":[{"name":"wp","href":"https:\/\/api.w.org\/{rel}","templated":true}]}}