{"id":449,"date":"2020-06-13T12:59:52","date_gmt":"2020-06-13T12:59:52","guid":{"rendered":"https:\/\/mastercom.es\/producto\/azdelivery-tarjeta-mini-nano-v3-0-ch340-chip-atmega328p-version-soldada-con-cable-usb-compatible-con-arduino-con-e-book-incluido\/"},"modified":"2020-06-13T12:59:52","modified_gmt":"2020-06-13T12:59:52","slug":"azdelivery-tarjeta-mini-nano-v3-0-ch340-chip-atmega328p-version-soldada-con-cable-usb-compatible-con-arduino-con-e-book-incluido","status":"publish","type":"product","link":"https:\/\/fullquality.es\/index.php\/product\/azdelivery-tarjeta-mini-nano-v3-0-ch340-chip-atmega328p-version-soldada-con-cable-usb-compatible-con-arduino-con-e-book-incluido\/","title":{"rendered":"AZDelivery Nano V3.0 con ATmega328 Chip CH340 y 5V 16MHz versi\u00f3n soldada, Micro Controlador Board, versi\u00f3n mejorada con\u2026"},"content":{"rendered":"\n<div class=\"disclaim\">N\u00famero de unidades:<strong>1<\/strong><\/div>\n<p><!-- show up to 2 reviews by default --><\/p>\n<p><b>AZDelivery \u2b50\u2b50\u2b50\u2b50\u2b50 AZDelivery Tarjeta Mini Nano V3.0 CH340 Chip ATmega328P versi\u00f3n soldada con Cable USB 100% compatible con Arduino con E-book incluido!<\/b><\/p>\n<p>La Tarjeta Nano AZDelivery ATMega328P V3.0 USB CH340G es ideal para proyectos m\u00f3viles.<\/p>\n<p>\u00a1Comience el desarrollo de su microcontrolador con este m\u00f3dulo completo! <br \/>La placa peque\u00f1a es perfecta para empezar, y con la interfaz USB integrada, puede reproducir<br \/> los primeros programas de la placa en pocos instantes de configuraci\u00f3n.<\/p>\n<p>\u2714\ufe0f Atmel ATmega328P-AU MCU <br \/>\u2714\ufe0f CH340G Chip<br \/>\u2714\ufe0f Arduino Bootloader<br \/>\u2714\ufe0f 14 conectores de entrada\/salida digitales: TX, RX, D2 ~ D13<br \/>\u2714\ufe0f 8 entradas anal\u00f3gicas Conexiones: A0-A7<br \/>\u2714\ufe0f 1 USART RX \/ TX<br \/>\u2714\ufe0f 6 Puertos PWM: D3, D5, D6, D9, D10, D11<br \/>\u2714\ufe0f Voltaje de funcionamiento: 5V<br \/>\u2714\ufe0f Tensi\u00f3n de alimentaci\u00f3n: 7-12V. <\/p>\n<p><b>Nota:<\/b> Puede descargar el controlador CH340 necesario directamente desde nuestro sitio web.<\/p>\n<p>\u00a1Usted recibir\u00e1 productos de alta calidad y entrega r\u00e1pida desde Espa\u00f1a por la compra de \u2b50 \u2b50 \u2b50 \u2b50 \u2b50 <b> AZDelivery!<\/b><br \/>Para m\u00e1s ideas y proyectos, por favor visite nuestro blog en Internet o descargue nuestros E-books de nuestra web!<br \/><b>AZ-Delivery: \u00a1Su experto en Microelectr\u00f3nica!<\/b><br \/>AZDelivery es una marca comercial registrada en la oficina de patentes y marcas alemanas (DPMA).<br \/>Seg\u00fan el p\u00e1rrafo \u00a7 14 l\u00ednea 2 en la Ley de Marcas queda prohibido a terceros el uso de esta marca en el curso de operaciones comerciales.<\/p>\n<p>\u2714\ufe0f Dimensiones (LxAnxAl): 45 mm x 17,5 mm x 18 mm (incl. partes sobresalientes); 100% Pinout y c\u00f3digo compatible con el Nano V3 original de Arduino!<br \/>\n\u2714\ufe0f Chipset ATmega328P con frecuencia de reloj de 16 MHz y memoria flash de 32 KB (incluidos 2 KB para el cargador de arranque); conexi\u00f3n sencilla al PC a trav\u00e9s del convertidor CH340G-USB.<br \/>\n\u2714\ufe0f \u00a1Inmediatamente listo para usar! El AZDelivery Nano V3 ya est\u00e1 soldado y se incluye un cable USB.<br \/>\n\u2714\ufe0f Con el E-Book incluido \ud83d\udcd6 de AZ-Delivery puede empezar su proyecto directamente sin tener que pasar mucho tiempo configurando el producto.<br \/>\n\u2714\ufe0f \u00a1Usted recibir\u00e1 una factura con IVA incluido seg\u00fan las normas espa\u00f1olas, as\u00ed como productos de alta calidad y entrega r\u00e1pida desde Espa\u00f1a por la compra de \u2b50 \u2b50 \u2b50 \u2b50 \u2b50 AZDelivery! Con el E-book \ud83d\udcd6 incluido de AZDelivery, usted puede comenzar su proyecto sin tener que dedicar mucho tiempo a configurar el producto. &#8221;<br \/>\n[amz_corss_sell asin=&#8221;B0821P9PFP&#8221;]<\/p>\n","protected":false},"excerpt":{"rendered":"<p>\u2714\ufe0f Dimensiones (LxAnxAl): 45 mm x 17,5 mm x 18 mm (incl. partes sobresalientes); 100% Pinout y c\u00f3digo compatible con el Nano V3 original de Arduino!<br \/>\n\u2714\ufe0f Chipset ATmega328P con frecuencia de reloj de 16 MHz y memoria flash de 32 KB (incluidos 2 KB para el cargador de arranque); conexi\u00f3n sencilla al PC a trav\u00e9s del convertidor CH340G-USB.<br \/>\n\u2714\ufe0f \u00a1Inmediatamente listo para usar! El AZDelivery Nano V3 ya est\u00e1 soldado y se incluye un cable USB.<\/p>\n","protected":false},"featured_media":453,"comment_status":"open","ping_status":"closed","template":"","meta":{"_et_pb_use_builder":"","_et_pb_old_content":"","_et_gb_content_width":""},"product_brand":[],"product_cat":[173,176,102,187],"product_tag":[],"class_list":{"0":"post-449","1":"product","2":"type-product","3":"status-publish","4":"has-post-thumbnail","6":"product_cat-componentes","7":"product_cat-dispositivos-internos","8":"product_cat-informatica","9":"product_cat-placas-base","11":"first","12":"instock","13":"shipping-taxable","14":"product-type-external"},"_links":{"self":[{"href":"https:\/\/fullquality.es\/index.php\/wp-json\/wp\/v2\/product\/449","targetHints":{"allow":["GET"]}}],"collection":[{"href":"https:\/\/fullquality.es\/index.php\/wp-json\/wp\/v2\/product"}],"about":[{"href":"https:\/\/fullquality.es\/index.php\/wp-json\/wp\/v2\/types\/product"}],"replies":[{"embeddable":true,"href":"https:\/\/fullquality.es\/index.php\/wp-json\/wp\/v2\/comments?post=449"}],"wp:featuredmedia":[{"embeddable":true,"href":"https:\/\/fullquality.es\/index.php\/wp-json\/"}],"wp:attachment":[{"href":"https:\/\/fullquality.es\/index.php\/wp-json\/wp\/v2\/media?parent=449"}],"wp:term":[{"taxonomy":"product_brand","embeddable":true,"href":"https:\/\/fullquality.es\/index.php\/wp-json\/wp\/v2\/product_brand?post=449"},{"taxonomy":"product_cat","embeddable":true,"href":"https:\/\/fullquality.es\/index.php\/wp-json\/wp\/v2\/product_cat?post=449"},{"taxonomy":"product_tag","embeddable":true,"href":"https:\/\/fullquality.es\/index.php\/wp-json\/wp\/v2\/product_tag?post=449"}],"curies":[{"name":"wp","href":"https:\/\/api.w.org\/{rel}","templated":true}]}}