{"id":435,"date":"2020-06-13T12:59:13","date_gmt":"2020-06-13T12:59:13","guid":{"rendered":"https:\/\/mastercom.es\/producto\/azdelivery-adaptador-ftdi-ft232rl-usb-a-ttl-serial-para-33v-y-5v-con-e-book-incluido\/"},"modified":"2020-06-13T12:59:13","modified_gmt":"2020-06-13T12:59:13","slug":"azdelivery-adaptador-ftdi-ft232rl-usb-a-ttl-serial-para-33v-y-5v-con-e-book-incluido","status":"publish","type":"product","link":"https:\/\/fullquality.es\/index.php\/product\/azdelivery-adaptador-ftdi-ft232rl-usb-a-ttl-serial-para-33v-y-5v-con-e-book-incluido\/","title":{"rendered":"AZDelivery FT232RL Adaptador,USB a TTL Serial Adaptador Convertidor, M\u00f3dulo convertidor 3.3 V y 5V compatible con\u2026"},"content":{"rendered":"\n<div class=\"disclaim\">N\u00famero de unidades:<strong>1<\/strong><\/div>\n<p><!-- show up to 2 reviews by default --><\/p>\n<p><b>AZDelivery \u2b50\u2b50\u2b50\u2b50\u2b50 Adaptador FTDI FT232RL USB a TTL Serial para 3,3V y 5V con E-book gratis! <\/b><\/p>\n<p>El adaptador <b>USB-Serial de FTDI<\/b> es uno de los convertidores m\u00e1s utilizados en el mercado.<br \/> Esto se debe a que el controlador firmado se almacena en Microsoft,<br \/> que se instala a trav\u00e9s de Windows Update despu\u00e9s de conectar el m\u00f3dulo.<\/p>\n<p>o se necesitan controladores adicionales para el adaptador FTDI de AZDelivery.<br \/>El conversor de AZDelivery tambi\u00e9n tiene una gran popularidad cuando se lo utiliza con Linux.<br \/>El nivel l\u00f3gico se puede ajustar mediante puentes en la placa.<\/p>\n<p>\u2714\ufe0f Chip FT232RL FTDI original, directamente del fabricante. <br \/>\u2714\ufe0f Interfaz: Mini USB. <br \/>\u2714\ufe0f Controlador en Windows Update. <br \/>\u2714\ufe0f Para controladores de 3.3V y 5V. <br \/>\u2714\ufe0fDefinici\u00f3n Pin: DTR, RX, TX, VCC, CTS, GND. <\/p>\n<p>\u00a1Usted recibir\u00e1 productos de alta calidad y entrega r\u00e1pida desde Espa\u00f1a por la compra de \u2b50 \u2b50 \u2b50 \u2b50 \u2b50 <b> AZDelivery!<\/b> <br \/>Para m\u00e1s ideas y proyectos, por favor visite nuestro blog en Internet o descargue nuestros E-books de nuestra web!<br \/><b>AZ-Delivery: \u00a1Su experto en Microelectr\u00f3nica!<\/b> <br \/>AZDelivery es una marca comercial registrada en la oficina de patentes y marcas alemanas (DPMA).<br \/>Seg\u00fan el p\u00e1rrafo \u00a7 14 l\u00ednea 2 en la Ley de Marcas queda prohibido a terceros el uso de esta marca en el curso de operaciones comerciales.<\/p>\n<p>\u2714\ufe0f El Adaptador USB-Serial de FTDI es uno de los convertidores m\u00e1s utilizados en el mercado. Esto se debe a que el controlador firmado se almacena en Microsoft, que se instala a trav\u00e9s de Windows Update despu\u00e9s de conectar el m\u00f3dulo.<br \/>\n\u2714\ufe0f No se necesitan controladores adicionales para el adaptador FTDI de AZDelivery y el nivel l\u00f3gico se puede ajustar mediante puentes en la placa.<br \/>\n\u2714\ufe0f El conversor de AZDelivery tambi\u00e9n tiene una gran popularidad cuando se lo utiliza con Linux.<br \/>\n\u2714\ufe0f Con el E-book \ud83d\udcd6 gratuito con instrucciones de instalaci\u00f3n y script de ejemplos de AZDelivery, usted puede comenzar su proyecto directamente sin tener que dedicar mucho tiempo a configurar el producto.<br \/>\n\u2714\ufe0f \u00a1Usted recibir\u00e1 una factura con IVA incluido seg\u00fan las normas espa\u00f1olas, as\u00ed como productos de alta calidad y entrega r\u00e1pida desde Espa\u00f1a por la compra de \u2b50 \u2b50 \u2b50 \u2b50 \u2b50 AZDelivery! Con el E-book \ud83d\udcd6 incluido de AZDelivery, usted puede comenzar su proyecto sin tener que dedicar mucho tiempo a configurar el producto.<br \/>\n[amz_corss_sell asin=&#8221;B082FMKG5C&#8221;]<\/p>\n","protected":false},"excerpt":{"rendered":"<p>\u2714\ufe0f El Adaptador USB-Serial de FTDI es uno de los convertidores m\u00e1s utilizados en el mercado. Esto se debe a que el controlador firmado se almacena en Microsoft, que se instala a trav\u00e9s de Windows Update despu\u00e9s de conectar el m\u00f3dulo.<br \/>\n\u2714\ufe0f No se necesitan controladores adicionales para el adaptador FTDI de AZDelivery y el nivel l\u00f3gico se puede ajustar mediante puentes en la placa.<br \/>\n\u2714\ufe0f El conversor de AZDelivery tambi\u00e9n tiene una gran popularidad cuando se lo utiliza con Linux.<\/p>\n","protected":false},"featured_media":439,"comment_status":"open","ping_status":"closed","template":"","meta":{"_et_pb_use_builder":"on","_et_pb_old_content":"[gallery]\n<div class=\"disclaim\">N\u00famero de unidades:<strong>1<\/strong><\/div><!-- show up to 2 reviews by default --><p><b>AZDelivery \u2b50\u2b50\u2b50\u2b50\u2b50 Adaptador FTDI FT232RL USB a TTL Serial para 3,3V y 5V con E-book gratis! <\/b><br><br>El adaptador <b>USB-Serial de FTDI<\/b> es uno de los convertidores m\u00e1s utilizados en el mercado.<br> Esto se debe a que el controlador firmado se almacena en Microsoft,<br> que se instala a trav\u00e9s de Windows Update despu\u00e9s de conectar el m\u00f3dulo.<br><br>o se necesitan controladores adicionales para el adaptador FTDI de AZDelivery.<br>El conversor de AZDelivery tambi\u00e9n tiene una gran popularidad cuando se lo utiliza con Linux.<br>El nivel l\u00f3gico se puede ajustar mediante puentes en la placa.<br><br>\u2714\ufe0f Chip FT232RL FTDI original, directamente del fabricante. <br>\u2714\ufe0f Interfaz: Mini USB. <br>\u2714\ufe0f Controlador en Windows Update. <br>\u2714\ufe0f Para controladores de 3.3V y 5V. <br>\u2714\ufe0fDefinici\u00f3n Pin: DTR, RX, TX, VCC, CTS, GND. <br><br>\u00a1Usted recibir\u00e1 productos de alta calidad y entrega r\u00e1pida desde Espa\u00f1a por la compra de \u2b50 \u2b50 \u2b50 \u2b50 \u2b50 <b> AZDelivery!<\/b> <br>Para m\u00e1s ideas y proyectos, por favor visite nuestro blog en Internet o descargue nuestros E-books de nuestra web!<br><b>AZ-Delivery: \u00a1Su experto en Microelectr\u00f3nica!<\/b> <br>AZDelivery es una marca comercial registrada en la oficina de patentes y marcas alemanas (DPMA).<br>Seg\u00fan el p\u00e1rrafo \u00a7 14 l\u00ednea 2 en la Ley de Marcas queda prohibido a terceros el uso de esta marca en el curso de operaciones comerciales.<\/p>\n\u2714\ufe0f El Adaptador USB-Serial de FTDI es uno de los convertidores m\u00e1s utilizados en el mercado. Esto se debe a que el controlador firmado se almacena en Microsoft, que se instala a trav\u00e9s de Windows Update despu\u00e9s de conectar el m\u00f3dulo.\n\u2714\ufe0f No se necesitan controladores adicionales para el adaptador FTDI de AZDelivery y el nivel l\u00f3gico se puede ajustar mediante puentes en la placa.\n\u2714\ufe0f El conversor de AZDelivery tambi\u00e9n tiene una gran popularidad cuando se lo utiliza con Linux.\n\u2714\ufe0f Con el E-book \ud83d\udcd6 gratuito con instrucciones de instalaci\u00f3n y script de ejemplos de AZDelivery, usted puede comenzar su proyecto directamente sin tener que dedicar mucho tiempo a configurar el producto.\n\u2714\ufe0f \u00a1Usted recibir\u00e1 una factura con IVA incluido seg\u00fan las normas espa\u00f1olas, as\u00ed como productos de alta calidad y entrega r\u00e1pida desde Espa\u00f1a por la compra de \u2b50 \u2b50 \u2b50 \u2b50 \u2b50 AZDelivery! Con el E-book \ud83d\udcd6 incluido de AZDelivery, usted puede comenzar su proyecto sin tener que dedicar mucho tiempo a configurar el producto.\n[amz_corss_sell asin=\"B082FMKG5C\"]","_et_gb_content_width":""},"product_brand":[],"product_cat":[168,169,102],"product_tag":[],"class_list":{"0":"post-435","1":"product","2":"type-product","3":"status-publish","4":"has-post-thumbnail","6":"product_cat-accesorios","7":"product_cat-adaptadores","8":"product_cat-informatica","10":"first","11":"instock","12":"shipping-taxable","13":"product-type-external"},"_links":{"self":[{"href":"https:\/\/fullquality.es\/index.php\/wp-json\/wp\/v2\/product\/435","targetHints":{"allow":["GET"]}}],"collection":[{"href":"https:\/\/fullquality.es\/index.php\/wp-json\/wp\/v2\/product"}],"about":[{"href":"https:\/\/fullquality.es\/index.php\/wp-json\/wp\/v2\/types\/product"}],"replies":[{"embeddable":true,"href":"https:\/\/fullquality.es\/index.php\/wp-json\/wp\/v2\/comments?post=435"}],"wp:featuredmedia":[{"embeddable":true,"href":"https:\/\/fullquality.es\/index.php\/wp-json\/"}],"wp:attachment":[{"href":"https:\/\/fullquality.es\/index.php\/wp-json\/wp\/v2\/media?parent=435"}],"wp:term":[{"taxonomy":"product_brand","embeddable":true,"href":"https:\/\/fullquality.es\/index.php\/wp-json\/wp\/v2\/product_brand?post=435"},{"taxonomy":"product_cat","embeddable":true,"href":"https:\/\/fullquality.es\/index.php\/wp-json\/wp\/v2\/product_cat?post=435"},{"taxonomy":"product_tag","embeddable":true,"href":"https:\/\/fullquality.es\/index.php\/wp-json\/wp\/v2\/product_tag?post=435"}],"curies":[{"name":"wp","href":"https:\/\/api.w.org\/{rel}","templated":true}]}}