{"id":428,"date":"2020-06-13T12:58:23","date_gmt":"2020-06-13T12:58:23","guid":{"rendered":"https:\/\/mastercom.es\/producto\/keeyees-1-set-esp32-cam-camara-wifi-bluetooth-4m-psram-32-bits-junta-de-desarrollo-de-doble-cpu-nucleo-ov2640-2mp-modulo-de-camara\/"},"modified":"2020-06-13T12:58:23","modified_gmt":"2020-06-13T12:58:23","slug":"keeyees-1-set-esp32-cam-camara-wifi-bluetooth-4m-psram-32-bits-junta-de-desarrollo-de-doble-cpu-nucleo-ov2640-2mp-modulo-de-camara","status":"publish","type":"product","link":"https:\/\/fullquality.es\/index.php\/product\/keeyees-1-set-esp32-cam-camara-wifi-bluetooth-4m-psram-32-bits-junta-de-desarrollo-de-doble-cpu-nucleo-ov2640-2mp-modulo-de-camara\/","title":{"rendered":"KeeYees 1 Set C\u00e1mara WiFi + Bluetooth 4M PSRAM 32 bits Junta de Desarrollo de Doble CPU n\u00facleo + OV2640 2MP M\u00f3dulo de\u2026"},"content":{"rendered":"<p><br \/>\n<!-- show up to 2 reviews by default --><\/p>\n<p><b>Si tiene alg\u00fan problema durante el uso, p\u00f3ngase en contacto con nosotros. <br \/>Le enviaremos un producto tutorial o soporte t\u00e9cnico dentro de las 24 horas.<\/b><\/p>\n<p><b>ESP32-CAM Especificaciones:<\/b><br \/>&#8211; Puerto IO: 9<br \/>&#8211; SPI Flash: Predeterminado 32Mbit<br \/>&#8211; RAM: 520KB interno + PSRAM externo de 4M<br \/>&#8211; Rango de alimentaci\u00f3n: 5V 2A<br \/>&#8211; Bluetooth: Bluetooth 4.3 BR \/ EDR y BLE est\u00e1ndar<br \/>&#8211; WiFi: 820.11 b \/ g \/ n \/ e \/ i<br \/>&#8211; Interfaz de soporte: UART \/ SPI \/ I2C \/ PWM<br \/>&#8211; Soporte TF Card: M\u00e1ximo 4G<br \/>&#8211; Tasa de puerto serie: 115200 bps predeterminado<br \/>&#8211; Formato de salida de imagen: JPEG (solo compatible con OV2640), BMP, GRIS ESCALA<br \/>&#8211; Rango de espectro: 2412-2484MHZ<br \/>&#8211; Forma de la antena: antena de PCB a bordo, ganancia 2dBi<br \/>&#8211; Potencia de transmisi\u00f3n: <br \/>820.11b: 17 \u00b1 2dBm (@ 11Mbps); <br \/>820.11g: 14 \u00b1 2dBm (@ 54Mbps);<br \/> 820.11n: 13 \u00b1 2dBm (@ MCS7)<br \/>&#8211; Seguridad: WPA \/ WPA2 \/ WPA2-Enterprise \/ WPS<\/p>\n<p><b>Paquete incluido:<\/b><br \/>&#8211; 1 x Mini ESP32 WiFi + M\u00f3dulo Bluetooth<br \/>&#8211; 1 x c\u00e1mara OV2640<\/p>\n<p>Haz clic aqu\u00ed para comprobar si este producto es compatible con tu modelo<br \/>\n\u3010ESP32-CAM\u3011 ESP-32CAM se puede usar en varias aplicaciones de IoT. Es adecuado para electrodom\u00e9sticos inteligentes, control inal\u00e1mbrico industrial, vigilancia inal\u00e1mbrica, identificaci\u00f3n QR inal\u00e1mbrica, se\u00f1ales de sistema de ubicaci\u00f3n inal\u00e1mbrica, etc. Es una soluci\u00f3n ideal para aplicaciones IoT.<br \/>\n\u3010Alto rendimiento\u3011 Extremadamente peque\u00f1o m\u00f3dulo 802.11b \/ g \/ n Wi-Fi + BT \/ BLE SoC; Procesador de CPU de 32 bits de bajo consumo de 5 V y doble n\u00facleo; Frecuencia hasta 240 MHz, computando hasta 600 DMIPS; Incorporado 520 KB SRAM, 4M PSRAM externo.<br \/>\n\u3010Dise\u00f1o compacto\u3011 ESP-32CAM est\u00e1 empaquetado en DIP y se puede conectar directamente al panel posterior. Proporciona un m\u00e9todo de conexi\u00f3n altamente confiable y es adecuado para usar con varios terminales de hardware IoT.<br \/>\n\u3010OV2640\u3011Soporte de imagen WiFi carga y soporte de tarjeta TF.<br \/>\n\u3010Soporte t\u00e9cnico\u3011 Este m\u00f3dulo admite interfaces como UART \/ SPI \/ I2C \/ PWM \/ ADC \/ DAC; Admite c\u00e1maras OV2640 y OV7670. Si tiene alg\u00fan problema mientras lo usa, visite nuestro sitio web (www.keeyees.com) para obtener un tutorial o puede comunicarse con nosotros en Amazon, le enviaremos un documento PDF.<br \/>\n[amz_corss_sell asin=&#8221;B07RWJGF6S&#8221;]<\/p>\n","protected":false},"excerpt":{"rendered":"<p>Haz clic aqu\u00ed para comprobar si este producto es compatible con tu modelo<br \/>\n\u3010ESP32-CAM\u3011 ESP-32CAM se puede usar en varias aplicaciones de IoT. Es adecuado para electrodom\u00e9sticos inteligentes, control inal\u00e1mbrico industrial, vigilancia inal\u00e1mbrica, identificaci\u00f3n QR inal\u00e1mbrica, se\u00f1ales de sistema de ubicaci\u00f3n inal\u00e1mbrica, etc. Es una soluci\u00f3n ideal para aplicaciones IoT.<br \/>\n\u3010Alto rendimiento\u3011 Extremadamente peque\u00f1o m\u00f3dulo 802.11b \/ g \/ n Wi-Fi + BT \/ BLE SoC; Procesador de CPU de 32 bits de bajo consumo de 5 V y doble n\u00facleo; Frecuencia hasta 240 MHz, computando hasta 600 DMIPS; Incorporado 520 KB SRAM, 4M PSRAM externo.<\/p>\n","protected":false},"featured_media":429,"comment_status":"open","ping_status":"closed","template":"","meta":{"_et_pb_use_builder":"","_et_pb_old_content":"","_et_gb_content_width":""},"product_brand":[],"product_cat":[170,102],"product_tag":[],"class_list":{"0":"post-428","1":"product","2":"type-product","3":"status-publish","4":"has-post-thumbnail","6":"product_cat-barebones","7":"product_cat-informatica","9":"first","10":"instock","11":"shipping-taxable","12":"product-type-external"},"_links":{"self":[{"href":"https:\/\/fullquality.es\/index.php\/wp-json\/wp\/v2\/product\/428","targetHints":{"allow":["GET"]}}],"collection":[{"href":"https:\/\/fullquality.es\/index.php\/wp-json\/wp\/v2\/product"}],"about":[{"href":"https:\/\/fullquality.es\/index.php\/wp-json\/wp\/v2\/types\/product"}],"replies":[{"embeddable":true,"href":"https:\/\/fullquality.es\/index.php\/wp-json\/wp\/v2\/comments?post=428"}],"wp:featuredmedia":[{"embeddable":true,"href":"https:\/\/fullquality.es\/index.php\/wp-json\/"}],"wp:attachment":[{"href":"https:\/\/fullquality.es\/index.php\/wp-json\/wp\/v2\/media?parent=428"}],"wp:term":[{"taxonomy":"product_brand","embeddable":true,"href":"https:\/\/fullquality.es\/index.php\/wp-json\/wp\/v2\/product_brand?post=428"},{"taxonomy":"product_cat","embeddable":true,"href":"https:\/\/fullquality.es\/index.php\/wp-json\/wp\/v2\/product_cat?post=428"},{"taxonomy":"product_tag","embeddable":true,"href":"https:\/\/fullquality.es\/index.php\/wp-json\/wp\/v2\/product_tag?post=428"}],"curies":[{"name":"wp","href":"https:\/\/api.w.org\/{rel}","templated":true}]}}